{"id":1946,"date":"2021-07-07T10:16:20","date_gmt":"2021-07-07T10:16:20","guid":{"rendered":"http:\/\/www.championlee.com\/support\/"},"modified":"2021-08-09T13:09:58","modified_gmt":"2021-08-09T05:09:58","slug":"support","status":"publish","type":"page","link":"http:\/\/www.championlee.com\/vi\/support\/","title":{"rendered":"H\u1ed7 Tr\u1ee3"},"content":{"rendered":"<p><div class=\"fusion-fullwidth fullwidth-box fusion-builder-row-1 fusion-flex-container nonhundred-percent-fullwidth non-hundred-percent-height-scrolling\" style=\"background-color: rgba(255,255,255,0);background-position: center center;background-repeat: no-repeat;border-width: 0px 0px 0px 0px;border-color:#eaeaea;border-style:solid;\" ><div class=\"fusion-builder-row fusion-row fusion-flex-align-items-flex-start\" style=\"max-width:1289.6px;margin-left: calc(-4% \/ 2 );margin-right: calc(-4% \/ 2 );\"><div class=\"fusion-layout-column fusion_builder_column fusion-builder-column-0 fusion_builder_column_1_1 1_1 fusion-flex-column\"><div class=\"fusion-column-wrapper fusion-flex-justify-content-flex-start fusion-content-layout-column\" style=\"background-position:left top;background-repeat:no-repeat;-webkit-background-size:cover;-moz-background-size:cover;-o-background-size:cover;background-size:cover;padding: 0px 0px 0px 0px;\"><!-- Markup Starts -->\n<div id=\"pcp_wrapper-1277\" class=\"sp-pcp-section sp-pcp-container pcp-wrapper-1277 pcp-carousel-wrapper standard\" data-sid=\"1277\">\n\t<div id=\"sp-pcp-id-1277\" class=\"swiper-container sp-pcp-carousel top_right\" dir=\"ltr\" data-carousel='{ \"speed\":600, \"items\":3, \"spaceBetween\":20, \"navigation\":true, \"pagination\": true, \"autoplay\": true, \"autoplay_speed\": 2000, \"loop\": true, \"autoHeight\": false, \"lazy\":  true, \"simulateTouch\": true, \"slider_mouse_wheel\": false,\"allowTouchMove\": true, \"slidesPerView\": {\"lg_desktop\": 3, \"desktop\": 3, \"tablet\": 2, \"mobile_landscape\": 2, \"mobile\": 1}, \"navigation_mobile\": true, \"pagination_mobile\": true, \"stop_onHover\": true, \"enabled\": true, \"prevSlideMessage\": \"Previous slide\", \"nextSlideMessage\": \"Next slide\", \"firstSlideMessage\": \"This is the first slide\", \"lastSlideMessage\": \"This is the last slide\", \"paginationBulletMessage\": \"Go to slide {{index}}\" }'>\n\t\t\t<div class=\"swiper-wrapper\">\n\t\t\t\t\t\t<div class=\" swiper-slide swiper-lazy\">\n\t\t\t<div class=\"sp-pcp-post pcp-item-1965\" data-id=\"1965\">\n\t\t\t\t\t\t<div class=\"sp-pcp-post-content\">\n\t\t\t<div style=\"line-height: 1.8em\">\nB\u1ea1n c\u00f3 th\u1ec3 g\u1eedi email cho ch\u00fang t\u00f4i \u0111\u1ec3 \u0111\u01b0\u1ee3c h\u1ed7 tr\u1ee3 k\u1ef9 thu\u1eadt h\u01a1n v\u1ec1 c\u00e0i \u0111\u1eb7t, s\u1eed d\u1ee5ng, th\u00e1o g\u1ee1, v.v.\n<\/div>\n\t\t<\/div>\n\t\t\t\t\t\t<h2 class=\"sp-pcp-title\">\n\t\t\t\t\t\t\t\t\t<a rel=&#039;nofollow&#039;>T\u00f4i c\u1ea7n th\u00eam h\u1ed7 tr\u1ee3 k\u1ef9 thu\u1eadt<\/a>\t\t\t\t\t\t\t<\/h2>\n\t\t\t\t\t\t\t<\/div>\n\t\t<\/div>\n\t\t\t\t<div class=\" swiper-slide swiper-lazy\">\n\t\t\t<div class=\"sp-pcp-post pcp-item-1963\" data-id=\"1963\">\n\t\t\t\t\t\t<div class=\"sp-pcp-post-content\">\n\t\t\t<div style=\"line-height: 1.8em\">\nM\u1ecdi thay \u0111\u1ed5i \u0111\u1ed1i v\u1edbi chi ti\u1ebft v\u1eadn chuy\u1ec3n ph\u1ea3i \u0111\u01b0\u1ee3c ho\u00e0n th\u00e0nh 3 ng\u00e0y tr\u01b0\u1edbc ng\u00e0y giao h\u00e0ng.\n<\/div>\n\t\t<\/div>\n\t\t\t\t\t\t<h2 class=\"sp-pcp-title\">\n\t\t\t\t\t\t\t\t\t<a rel=&#039;nofollow&#039;>T\u00f4i c\u00f3 th\u1ec3 thay \u0111\u1ed5i \u0111\u1ecba ch\u1ec9 ho\u1eb7c ph\u01b0\u01a1ng th\u1ee9c giao h\u00e0ng c\u1ee7a m\u00ecnh kh\u00f4ng?<\/a>\t\t\t\t\t\t\t<\/h2>\n\t\t\t\t\t\t\t<\/div>\n\t\t<\/div>\n\t\t\t\t<div class=\" swiper-slide swiper-lazy\">\n\t\t\t<div class=\"sp-pcp-post pcp-item-1960\" data-id=\"1960\">\n\t\t\t\t\t\t<div class=\"sp-pcp-post-content\">\n\t\t\t<div style=\"line-height: 1.8em\">\nCh\u00fang t\u00f4i cung c\u1ea5p d\u1ecbch v\u1ee5 giao h\u00e0ng to\u00e0n c\u1ea7u.\n<\/div>\n\t\t<\/div>\n\t\t\t\t\t\t<h2 class=\"sp-pcp-title\">\n\t\t\t\t\t\t\t\t\t<a rel=&#039;nofollow&#039;>B\u1ea1n c\u00f3 th\u1ec3 g\u1eedi h\u00e0ng \u1edf qu\u1ed1c gia c\u1ee7a t\u00f4i kh\u00f4ng?<\/a>\t\t\t\t\t\t\t<\/h2>\n\t\t\t\t\t\t\t<\/div>\n\t\t<\/div>\n\t\t\t\t<div class=\" swiper-slide swiper-lazy\">\n\t\t\t<div class=\"sp-pcp-post pcp-item-1957\" data-id=\"1957\">\n\t\t\t\t\t\t<div class=\"sp-pcp-post-content\">\n\t\t\t<div style=\"line-height: 1.8em\">Vui l\u00f2ng cho ch\u00fang t\u00f4i bi\u1ebft r\u00f5 \u0111\u1ecba ch\u1ec9 giao h\u00e0ng v\u00e0 ng\u01b0\u1eddi li\u00ean h\u1ec7 c\u1ee7a b\u1ea1n. Sau \u0111\u00f3 ch\u1ecdn ph\u01b0\u01a1ng th\u1ee9c v\u1eadn chuy\u1ec3n ph\u00f9 h\u1ee3p theo t\u1ed1c \u0111\u1ed9 m\u00e0 b\u1ea1n mu\u1ed1n giao h\u00e0ng. Ch\u00fang t\u00f4i s\u1ebd \u0111i\u1ec1n ng\u00e0y giao h\u00e0ng cho b\u1ea1n khi g\u1eedi b\u1ea3n k\u00ea khai v\u00e0 b\u1ea1n s\u1ebd nh\u1eadn \u0111\u01b0\u1ee3c email x\u00e1c nh\u1eadn th\u00f4ng tin tr\u00ean.<\/div>\n\t\t<\/div>\n\t\t\t\t\t\t<h2 class=\"sp-pcp-title\">\n\t\t\t\t\t\t\t\t\t<a rel=&#039;nofollow&#039;>L\u00e0m c\u00e1ch n\u00e0o \u0111\u1ec3 s\u1eafp x\u1ebfp c\u00e1c d\u1ecbch v\u1ee5 v\u1eadn chuy\u1ec3n h\u00e0ng h\u00f3a?<\/a>\t\t\t\t\t\t\t<\/h2>\n\t\t\t\t\t\t\t<\/div>\n\t\t<\/div>\n\t\t\t\t<div class=\" swiper-slide swiper-lazy\">\n\t\t\t<div class=\"sp-pcp-post pcp-item-1955\" data-id=\"1955\">\n\t\t\t\t\t\t<div class=\"sp-pcp-post-content\">\n\t\t\t<div style=\"line-height: 1.8em\">\nN\u1ebfu kh\u00f4ng c\u00f3 g\u00ec thay \u0111\u1ed5i, \u0111\u01a1n h\u00e0ng c\u1ee7a b\u1ea1n s\u1ebd t\u1ef1 \u0111\u1ed9ng b\u1ecb h\u1ee7y sau 30 ng\u00e0y k\u1ec3 t\u1eeb ng\u00e0y \u0111\u1eb7t tr\u01b0\u1edbc. Ch\u00fang t\u00f4i lu\u00f4n x\u1eed l\u00fd \u0111\u01a1n h\u00e0ng c\u1ee7a kh\u00e1ch h\u00e0ng nhanh nh\u1ea5t c\u00f3 th\u1ec3.\n<\/div>\n\t\t<\/div>\n\t\t\t\t\t\t<h2 class=\"sp-pcp-title\">\n\t\t\t\t\t\t\t\t\t<a rel=&#039;nofollow&#039;>L\u00e0m c\u00e1ch n\u00e0o \u0111\u1ec3 h\u1ee7y \u0111\u01a1n \u0111\u1eb7t h\u00e0ng c\u1ee7a t\u00f4i?<\/a>\t\t\t\t\t\t\t<\/h2>\n\t\t\t\t\t\t\t<\/div>\n\t\t<\/div>\n\t\t\t\t<div class=\" swiper-slide swiper-lazy\">\n\t\t\t<div class=\"sp-pcp-post pcp-item-1953\" data-id=\"1953\">\n\t\t\t\t\t\t<div class=\"sp-pcp-post-content\">\n\t\t\t<div style=\"line-height: 1.8em\">- H\u00e3y \u0111i t\u1edbi trang S\u1ea3n ph\u1ea9m c\u1ee7a ch\u00fang t\u00f4i, t\u00ecm c\u00e1c m\u1eb7t h\u00e0ng ho\u1eb7c lo\u1ea1i s\u1ea3n ph\u1ea9m b\u1ea1n mong mu\u1ed1n.<br \/>\n- Sau \u0111\u00f3 \u0111i \u0111\u1ebfn trang Li\u00ean h\u1ec7 \u0111\u1eb7t h\u00e0ng:<br \/>\n(1) \u0110i\u1ec1n \u0111\u1ea7y \u0111\u1ee7 c\u00e1c th\u00f4ng tin c\u1ee7a b\u1ea1n v\u00e0 c\u00e1c n\u1ed9i dung b\u1ea1n c\u1ea7n nh\u01b0: s\u1ea3n ph\u1ea9m, gi\u00e1 c\u1ea3, giao h\u00e0ng\u2026<br \/>\n(2) G\u1eedi th\u01b0 c\u1ee7a b\u1ea1n cho ch\u00fang t\u00f4i v\u00e0 ch\u1edd b\u00e1o gi\u00e1.<\/div>\n\t\t<\/div>\n\t\t\t\t\t\t<h2 class=\"sp-pcp-title\">\n\t\t\t\t\t\t\t\t\t<a rel=&#039;nofollow&#039;>L\u00e0m th\u1ebf n\u00e0o \u0111\u1ec3 b\u1eaft \u0111\u1ea7u m\u1ed9t \u0111\u01a1n \u0111\u1eb7t h\u00e0ng?<\/a>\t\t\t\t\t\t\t<\/h2>\n\t\t\t\t\t\t\t<\/div>\n\t\t<\/div>\n\t\t\t\t\t<\/div>\n\t\t\t\t\t\t<div class=\"pcp-pagination swiper-pagination dots\"><\/div>\n\t\t\t\t\t\t\t\t\t\t<div class=\"pcp-button-next swiper-button-next top_right\"><i class=\"fa fa-angle-right\"><\/i><\/div>\n\t\t\t\t<div class=\"pcp-button-prev swiper-button-prev top_right\"><i class=\"fa fa-angle-left\"><\/i><\/div>\t<\/div>\n<\/div>\n<\/div><style type=\"text\/css\">.fusion-body .fusion-builder-column-0{width:100% !important;margin-top : 0px;margin-bottom : 20px;}.fusion-builder-column-0 > .fusion-column-wrapper {padding-top : 0px !important;padding-right : 0px !important;margin-right : 0;padding-bottom : 0px !important;padding-left : 0px !important;margin-left : 0;}@media only screen and (max-width:1024px) {.fusion-body .fusion-builder-column-0{width:100% !important;order : 0;}.fusion-builder-column-0 > .fusion-column-wrapper {margin-right : 0;margin-left : 0;}}@media only screen and (max-width:640px) {.fusion-body .fusion-builder-column-0{width:100% !important;order : 0;}.fusion-builder-column-0 > .fusion-column-wrapper {margin-right : 0;margin-left : 0;}}<\/style><\/div><\/div><style type=\"text\/css\">.fusion-body .fusion-flex-container.fusion-builder-row-1{ padding-top : 0px;margin-top : 0px;padding-right : 0px;padding-bottom : 0px;margin-bottom : 0px;padding-left : 0px;}<\/style><\/div><div class=\"fusion-fullwidth fullwidth-box fusion-builder-row-2 fusion-flex-container fusion-parallax-none nonhundred-percent-fullwidth non-hundred-percent-height-scrolling lazyload\" style=\"background-color: rgba(255,255,255,0);background-position: center center;background-repeat: no-repeat;border-width: 0px 0px 0px 0px;border-color:#eaeaea;border-style:solid;-webkit-background-size:cover;-moz-background-size:cover;-o-background-size:cover;background-size:cover;\" data-bg=\"http:\/\/www.championlee.com\/wp-content\/uploads\/2021\/07\/img5-800x139.jpg\" ><div class=\"fusion-builder-row fusion-row fusion-flex-align-items-flex-start\" style=\"max-width:1289.6px;margin-left: calc(-4% \/ 2 );margin-right: calc(-4% \/ 2 );\"><div class=\"fusion-layout-column fusion_builder_column fusion-builder-column-1 fusion_builder_column_1_1 1_1 fusion-flex-column fusion-flex-align-self-center\"><div class=\"fusion-column-wrapper fusion-flex-justify-content-center fusion-content-layout-column\" style=\"background-position:left top;background-repeat:no-repeat;-webkit-background-size:cover;-moz-background-size:cover;-o-background-size:cover;background-size:cover;padding: 0px 0px 0px 0px;\"><div class=\"fusion-text fusion-text-1\" style=\"text-align:center;font-size:20px;color:#ffffff;\"><div><small>T\u00f4i c\u1ea7n th\u00eam h\u1ed7 tr\u1ee3 k\u1ef9 thu\u1eadt<\/small><\/div>\n<p>B\u1ea1n c\u00f3 th\u1ec3 g\u1eedi email cho ch\u00fang t\u00f4i \u0111\u1ec3 \u0111\u01b0\u1ee3c h\u1ed7 tr\u1ee3 k\u1ef9 thu\u1eadt h\u01a1n v\u1ec1 c\u00e0i \u0111\u1eb7t, s\u1eed d\u1ee5ng, th\u00e1o g\u1ee1, v.v.<\/p>\n<\/div><\/div><style type=\"text\/css\">.fusion-body .fusion-builder-column-1{width:100% !important;margin-top : 0px;margin-bottom : 20px;}.fusion-builder-column-1 > .fusion-column-wrapper {padding-top : 0px !important;padding-right : 0px !important;margin-right : 1.92%;padding-bottom : 0px !important;padding-left : 0px !important;margin-left : 1.92%;}@media only screen and (max-width:1024px) {.fusion-body .fusion-builder-column-1{width:100% !important;order : 0;}.fusion-builder-column-1 > .fusion-column-wrapper {margin-right : 1.92%;margin-left : 1.92%;}}@media only screen and (max-width:640px) {.fusion-body .fusion-builder-column-1{width:100% !important;order : 0;}.fusion-builder-column-1 > .fusion-column-wrapper {margin-right : 1.92%;margin-left : 1.92%;}}<\/style><\/div><\/div><style type=\"text\/css\">.fusion-body .fusion-flex-container.fusion-builder-row-2{ padding-top : 0px;margin-top : 0px;padding-right : 0px;padding-bottom : 0px;margin-bottom : 0px;padding-left : 0px;min-height:320px;}<\/style><\/div><\/p>\n","protected":false},"excerpt":{"rendered":"","protected":false},"author":1,"featured_media":0,"parent":0,"menu_order":0,"comment_status":"closed","ping_status":"closed","template":"100-width.php","meta":[],"yoast_head":"<!-- This site is optimized with the Yoast SEO plugin v16.6.1 - https:\/\/yoast.com\/wordpress\/plugins\/seo\/ -->\n<title>H\u1ed7 Tr\u1ee3 - \u51a0\u7fce\u79d1\u6280\u6709\u9650\u516c\u53f8\uff5cChampion Lee<\/title>\n<meta name=\"robots\" content=\"index, follow, max-snippet:-1, max-image-preview:large, max-video-preview:-1\" \/>\n<link rel=\"canonical\" href=\"http:\/\/www.championlee.com\/vi\/support\/\" \/>\n<meta property=\"og:locale\" content=\"vi_VN\" \/>\n<meta property=\"og:type\" content=\"article\" \/>\n<meta property=\"og:title\" content=\"H\u1ed7 Tr\u1ee3 - \u51a0\u7fce\u79d1\u6280\u6709\u9650\u516c\u53f8\uff5cChampion Lee\" \/>\n<meta property=\"og:url\" content=\"http:\/\/www.championlee.com\/vi\/support\/\" \/>\n<meta property=\"og:site_name\" content=\"\u51a0\u7fce\u79d1\u6280\u6709\u9650\u516c\u53f8\uff5cChampion Lee\" \/>\n<meta property=\"article:modified_time\" content=\"2021-08-09T05:09:58+00:00\" \/>\n<meta name=\"twitter:card\" content=\"summary_large_image\" \/>\n<meta name=\"twitter:label1\" content=\"Est. reading time\" \/>\n\t<meta name=\"twitter:data1\" content=\"7 minutes\" \/>\n<script type=\"application\/ld+json\" class=\"yoast-schema-graph\">{\"@context\":\"https:\/\/schema.org\",\"@graph\":[{\"@type\":\"WebSite\",\"@id\":\"http:\/\/www.championlee.com\/#website\",\"url\":\"http:\/\/www.championlee.com\/\",\"name\":\"\\u51a0\\u7fce\\u79d1\\u6280\\u6709\\u9650\\u516c\\u53f8\\uff5cChampion Lee\",\"description\":\"\\u51a0\\u7fce\\u79d1\\u6280\\u6709\\u9650\\u516c\\u53f8\\uff5cChampion Lee\",\"potentialAction\":[{\"@type\":\"SearchAction\",\"target\":{\"@type\":\"EntryPoint\",\"urlTemplate\":\"http:\/\/www.championlee.com\/?s={search_term_string}\"},\"query-input\":\"required name=search_term_string\"}],\"inLanguage\":\"vi-VN\"},{\"@type\":\"WebPage\",\"@id\":\"http:\/\/www.championlee.com\/vi\/support\/#webpage\",\"url\":\"http:\/\/www.championlee.com\/vi\/support\/\",\"name\":\"H\\u1ed7 Tr\\u1ee3 - \\u51a0\\u7fce\\u79d1\\u6280\\u6709\\u9650\\u516c\\u53f8\\uff5cChampion Lee\",\"isPartOf\":{\"@id\":\"http:\/\/www.championlee.com\/#website\"},\"datePublished\":\"2021-07-07T10:16:20+00:00\",\"dateModified\":\"2021-08-09T05:09:58+00:00\",\"breadcrumb\":{\"@id\":\"http:\/\/www.championlee.com\/vi\/support\/#breadcrumb\"},\"inLanguage\":\"vi-VN\",\"potentialAction\":[{\"@type\":\"ReadAction\",\"target\":[\"http:\/\/www.championlee.com\/vi\/support\/\"]}]},{\"@type\":\"BreadcrumbList\",\"@id\":\"http:\/\/www.championlee.com\/vi\/support\/#breadcrumb\",\"itemListElement\":[{\"@type\":\"ListItem\",\"position\":1,\"name\":\"Home\",\"item\":\"http:\/\/www.championlee.com\/vi\/\"},{\"@type\":\"ListItem\",\"position\":2,\"name\":\"H\\u1ed7 Tr\\u1ee3\"}]}]}<\/script>\n<!-- \/ Yoast SEO plugin. -->","_links":{"self":[{"href":"http:\/\/www.championlee.com\/vi\/wp-json\/wp\/v2\/pages\/1946"}],"collection":[{"href":"http:\/\/www.championlee.com\/vi\/wp-json\/wp\/v2\/pages"}],"about":[{"href":"http:\/\/www.championlee.com\/vi\/wp-json\/wp\/v2\/types\/page"}],"author":[{"embeddable":true,"href":"http:\/\/www.championlee.com\/vi\/wp-json\/wp\/v2\/users\/1"}],"replies":[{"embeddable":true,"href":"http:\/\/www.championlee.com\/vi\/wp-json\/wp\/v2\/comments?post=1946"}],"version-history":[{"count":2,"href":"http:\/\/www.championlee.com\/vi\/wp-json\/wp\/v2\/pages\/1946\/revisions"}],"predecessor-version":[{"id":1951,"href":"http:\/\/www.championlee.com\/vi\/wp-json\/wp\/v2\/pages\/1946\/revisions\/1951"}],"wp:attachment":[{"href":"http:\/\/www.championlee.com\/vi\/wp-json\/wp\/v2\/media?parent=1946"}],"curies":[{"name":"wp","href":"https:\/\/api.w.org\/{rel}","templated":true}]}}