{"id":1967,"date":"2021-07-06T09:17:09","date_gmt":"2021-07-06T09:17:09","guid":{"rendered":"http:\/\/www.championlee.com\/hangtag\/"},"modified":"2023-02-24T10:28:09","modified_gmt":"2023-02-24T02:28:09","slug":"hangtag","status":"publish","type":"page","link":"http:\/\/www.championlee.com\/vi\/hangtag\/","title":{"rendered":"Th\u1ebb b\u00e0i"},"content":{"rendered":"<p><div class=\"fusion-fullwidth fullwidth-box fusion-builder-row-1 fusion-flex-container nonhundred-percent-fullwidth non-hundred-percent-height-scrolling\" style=\"background-color: rgba(255,255,255,0);background-position: center center;background-repeat: no-repeat;border-width: 0px 0px 0px 0px;border-color:#eaeaea;border-style:solid;\" ><div class=\"fusion-builder-row fusion-row fusion-flex-align-items-flex-start\" style=\"max-width:1289.6px;margin-left: calc(-4% \/ 2 );margin-right: calc(-4% \/ 2 );\"><div class=\"fusion-layout-column fusion_builder_column fusion-builder-column-0 fusion_builder_column_1_1 1_1 fusion-flex-column\"><div class=\"fusion-column-wrapper fusion-flex-justify-content-flex-start fusion-content-layout-column\" style=\"background-position:left top;background-repeat:no-repeat;-webkit-background-size:cover;-moz-background-size:cover;-o-background-size:cover;background-size:cover;padding: 0px 0px 0px 0px;\"><style type=\"text\/css\">@media only screen and (max-width:1024px) {.fusion-title.fusion-title-1{margin-top:20px!important; margin-right:0px!important;margin-bottom:20px!important;margin-left:0px!important;}}@media only screen and (max-width:640px) {.fusion-title.fusion-title-1{margin-top:0px!important; margin-right:0px!important;margin-bottom:20px!important; margin-left:0px!important;}}<\/style><div class=\"fusion-title title fusion-title-1 fusion-sep-none fusion-title-text fusion-title-size-one\" style=\"font-size:32px;margin-top:20px;margin-right:0px;margin-bottom:20px;margin-left:0px;\"><h1 class=\"title-heading-left fusion-responsive-typography-calculated\" style=\"font-family:Arial, Helvetica, sans-serif;font-weight:400;margin:0;font-size:1em;color:#516e95;--fontSize:32;line-height:1.5;\">Th\u1ebb b\u00e0i m\u00e3 v\u1ea1ch<\/h1><\/div><div class=\"fusion-text fusion-text-1\"><p>Ch\u00fang t\u00f4i c\u00f3 quy tr\u00ecnh s\u1ea3n xu\u1ea5t in \u1ea5n ho\u00e0n to\u00e0n t\u1ef1 \u0111\u1ed9ng \u0111\u1ec3 \u0111\u00e1p \u1ee9ng nhu c\u1ea7u c\u1ee7a b\u1ea1n v\u1ec1 th\u1ebb b\u00e0i c\u00f3<br \/>\nm\u00e3 v\u1ea1ch.<\/p>\n<\/div><style type=\"text\/css\">@media only screen and (max-width:1024px) {.fusion-title.fusion-title-2{margin-top:20px!important; margin-right:0px!important;margin-bottom:20px!important;margin-left:0px!important;}}@media only screen and (max-width:640px) {.fusion-title.fusion-title-2{margin-top:0px!important; margin-right:0px!important;margin-bottom:20px!important; margin-left:0px!important;}}<\/style><div class=\"fusion-title title fusion-title-2 fusion-sep-none fusion-title-text fusion-title-size-one\" style=\"font-size:32px;margin-top:20px;margin-right:0px;margin-bottom:20px;margin-left:0px;\"><h1 class=\"title-heading-left fusion-responsive-typography-calculated\" style=\"font-family:Arial, Helvetica, sans-serif;font-weight:400;margin:0;font-size:1em;color:#516e95;--fontSize:32;line-height:1.5;\">Th\u1ebb b\u00e0i treo qu\u1ea7n \u00e1o<\/h1><\/div><div class=\"fusion-text fusion-text-2\"><p>Ch\u00fang t\u00f4i s\u1ea3n xu\u1ea5t nhi\u1ec1u lo\u1ea1i th\u1ebb treo v\u00e0 nh\u00e3n \u0111\u1ec3 \u0111\u00e1p \u1ee9ng nhu c\u1ea7u c\u1ee7a b\u1ea1n: In nhi\u1ec1u m\u00e0u,Nh\u00e3n ph\u1ee7 Vanish, Nh\u00e3n \u00e9p nh\u0169, Nh\u00e3n ph\u1ee7 d\u1ea7u b\u00f3ng, Nh\u00e3n ph\u1ee7 d\u1ea7u m\u1edd, UV,c\u00e1n m\u00e0ng, in l\u1ee5a ho\u1eb7c d\u1eadp ch\u00ecm, d\u1eadp n\u1ed5i ch\u1eef, b\u1ed3i, b\u1ebf\u2026<\/p>\n<\/div><\/div><style type=\"text\/css\">.fusion-body .fusion-builder-column-0{width:100% !important;margin-top : 0px;margin-bottom : 20px;}.fusion-builder-column-0 > .fusion-column-wrapper {padding-top : 0px !important;padding-right : 0px !important;margin-right : 1.92%;padding-bottom : 0px !important;padding-left : 0px !important;margin-left : 1.92%;}@media only screen and (max-width:1024px) {.fusion-body .fusion-builder-column-0{width:100% !important;order : 0;}.fusion-builder-column-0 > .fusion-column-wrapper {margin-right : 1.92%;margin-left : 1.92%;}}@media only screen and (max-width:640px) {.fusion-body .fusion-builder-column-0{width:100% !important;order : 0;}.fusion-builder-column-0 > .fusion-column-wrapper {margin-right : 1.92%;margin-left : 1.92%;}}<\/style><\/div><\/div><style type=\"text\/css\">.fusion-body .fusion-flex-container.fusion-builder-row-1{ padding-top : 0px;margin-top : 0px;padding-right : 0px;padding-bottom : 0px;margin-bottom : 48px;padding-left : 0px;}<\/style><\/div><div class=\"fusion-fullwidth fullwidth-box fusion-builder-row-2 fusion-flex-container hundred-percent-fullwidth non-hundred-percent-height-scrolling\" style=\"background-color: rgba(255,255,255,0);background-position: center center;background-repeat: no-repeat;border-width: 0px 0px 0px 0px;border-color:#eaeaea;border-style:solid;\" ><div class=\"fusion-builder-row fusion-row fusion-flex-align-items-flex-start\" style=\"width:104% !important;max-width:104% !important;margin-left: calc(-4% \/ 2 );margin-right: calc(-4% \/ 2 );\"><div class=\"fusion-layout-column fusion_builder_column fusion-builder-column-1 fusion_builder_column_1_1 1_1 fusion-flex-column\"><div class=\"fusion-column-wrapper fusion-flex-justify-content-flex-start fusion-content-layout-column\" style=\"background-position:left top;background-repeat:no-repeat;-webkit-background-size:cover;-moz-background-size:cover;-o-background-size:cover;background-size:cover;padding: 0px 0px 0px 0px;\"><div class=\"fusion-image-carousel fusion-image-carousel-auto\"><div class=\"fusion-carousel\" data-autoplay=\"no\" data-columns=\"5\" data-itemmargin=\"25\" data-itemwidth=\"180\" data-touchscroll=\"no\" data-imagesize=\"auto\"><div class=\"fusion-carousel-positioner\"><ul class=\"fusion-carousel-holder\"><li class=\"fusion-carousel-item\"><div class=\"fusion-carousel-item-wrapper\"><div class=\"fusion-image-wrapper hover-type-none\"><img width=\"2544\" height=\"1566\" src=\"http:\/\/www.championlee.com\/wp-content\/uploads\/2021\/08\/h02.jpg\" class=\"attachment-full size-full lazyload\" alt=\"\" srcset=\"data:image\/svg+xml,%3Csvg%20xmlns%3D%27http%3A%2F%2Fwww.w3.org%2F2000%2Fsvg%27%20width%3D%272544%27%20height%3D%271566%27%20viewBox%3D%270%200%202544%201566%27%3E%3Crect%20width%3D%272544%27%20height%3D%271566%27%20fill-opacity%3D%220%22%2F%3E%3C%2Fsvg%3E\" data-orig-src=\"http:\/\/www.championlee.com\/wp-content\/uploads\/2021\/08\/h02.jpg\" data-srcset=\"http:\/\/www.championlee.com\/wp-content\/uploads\/2021\/08\/h02-200x123.jpg 200w, http:\/\/www.championlee.com\/wp-content\/uploads\/2021\/08\/h02-400x246.jpg 400w, http:\/\/www.championlee.com\/wp-content\/uploads\/2021\/08\/h02-600x369.jpg 600w, http:\/\/www.championlee.com\/wp-content\/uploads\/2021\/08\/h02-800x492.jpg 800w, http:\/\/www.championlee.com\/wp-content\/uploads\/2021\/08\/h02-1200x739.jpg 1200w, http:\/\/www.championlee.com\/wp-content\/uploads\/2021\/08\/h02.jpg 2544w\" data-sizes=\"auto\" \/><\/div><\/div><\/li><li class=\"fusion-carousel-item\"><div class=\"fusion-carousel-item-wrapper\"><div class=\"fusion-image-wrapper hover-type-none\"><img width=\"396\" height=\"428\" src=\"http:\/\/www.championlee.com\/wp-content\/uploads\/2021\/07\/5.jpg\" class=\"attachment-full size-full lazyload\" alt=\"\" srcset=\"data:image\/svg+xml,%3Csvg%20xmlns%3D%27http%3A%2F%2Fwww.w3.org%2F2000%2Fsvg%27%20width%3D%27396%27%20height%3D%27428%27%20viewBox%3D%270%200%20396%20428%27%3E%3Crect%20width%3D%27396%27%20height%3D%27428%27%20fill-opacity%3D%220%22%2F%3E%3C%2Fsvg%3E\" data-orig-src=\"http:\/\/www.championlee.com\/wp-content\/uploads\/2021\/07\/5.jpg\" data-srcset=\"http:\/\/www.championlee.com\/wp-content\/uploads\/2021\/07\/5-200x216.jpg 200w, http:\/\/www.championlee.com\/wp-content\/uploads\/2021\/07\/5.jpg 396w\" data-sizes=\"auto\" \/><\/div><\/div><\/li><li class=\"fusion-carousel-item\"><div class=\"fusion-carousel-item-wrapper\"><div class=\"fusion-image-wrapper hover-type-none\"><img width=\"2000\" height=\"1190\" src=\"http:\/\/www.championlee.com\/wp-content\/uploads\/2021\/08\/h03-1.jpg\" class=\"attachment-full size-full lazyload\" alt=\"\" srcset=\"data:image\/svg+xml,%3Csvg%20xmlns%3D%27http%3A%2F%2Fwww.w3.org%2F2000%2Fsvg%27%20width%3D%272000%27%20height%3D%271190%27%20viewBox%3D%270%200%202000%201190%27%3E%3Crect%20width%3D%272000%27%20height%3D%271190%27%20fill-opacity%3D%220%22%2F%3E%3C%2Fsvg%3E\" data-orig-src=\"http:\/\/www.championlee.com\/wp-content\/uploads\/2021\/08\/h03-1.jpg\" data-srcset=\"http:\/\/www.championlee.com\/wp-content\/uploads\/2021\/08\/h03-1-200x119.jpg 200w, http:\/\/www.championlee.com\/wp-content\/uploads\/2021\/08\/h03-1-400x238.jpg 400w, http:\/\/www.championlee.com\/wp-content\/uploads\/2021\/08\/h03-1-600x357.jpg 600w, http:\/\/www.championlee.com\/wp-content\/uploads\/2021\/08\/h03-1-800x476.jpg 800w, http:\/\/www.championlee.com\/wp-content\/uploads\/2021\/08\/h03-1-1200x714.jpg 1200w, http:\/\/www.championlee.com\/wp-content\/uploads\/2021\/08\/h03-1.jpg 2000w\" data-sizes=\"auto\" \/><\/div><\/div><\/li><li class=\"fusion-carousel-item\"><div class=\"fusion-carousel-item-wrapper\"><div class=\"fusion-image-wrapper hover-type-none\"><img width=\"210\" height=\"439\" src=\"http:\/\/www.championlee.com\/wp-content\/uploads\/2021\/08\/h05-4.jpg\" class=\"attachment-full size-full lazyload\" alt=\"\" srcset=\"data:image\/svg+xml,%3Csvg%20xmlns%3D%27http%3A%2F%2Fwww.w3.org%2F2000%2Fsvg%27%20width%3D%27210%27%20height%3D%27439%27%20viewBox%3D%270%200%20210%20439%27%3E%3Crect%20width%3D%27210%27%20height%3D%27439%27%20fill-opacity%3D%220%22%2F%3E%3C%2Fsvg%3E\" data-orig-src=\"http:\/\/www.championlee.com\/wp-content\/uploads\/2021\/08\/h05-4.jpg\" data-srcset=\"http:\/\/www.championlee.com\/wp-content\/uploads\/2021\/08\/h05-4-200x418.jpg 200w, http:\/\/www.championlee.com\/wp-content\/uploads\/2021\/08\/h05-4.jpg 210w\" data-sizes=\"auto\" \/><\/div><\/div><\/li><li class=\"fusion-carousel-item\"><div class=\"fusion-carousel-item-wrapper\"><div class=\"fusion-image-wrapper hover-type-none\"><img width=\"250\" height=\"555\" src=\"http:\/\/www.championlee.com\/wp-content\/uploads\/2021\/08\/h07-1.jpg\" class=\"attachment-full size-full lazyload\" alt=\"\" srcset=\"data:image\/svg+xml,%3Csvg%20xmlns%3D%27http%3A%2F%2Fwww.w3.org%2F2000%2Fsvg%27%20width%3D%27250%27%20height%3D%27555%27%20viewBox%3D%270%200%20250%20555%27%3E%3Crect%20width%3D%27250%27%20height%3D%27555%27%20fill-opacity%3D%220%22%2F%3E%3C%2Fsvg%3E\" data-orig-src=\"http:\/\/www.championlee.com\/wp-content\/uploads\/2021\/08\/h07-1.jpg\" data-srcset=\"http:\/\/www.championlee.com\/wp-content\/uploads\/2021\/08\/h07-1-200x444.jpg 200w, http:\/\/www.championlee.com\/wp-content\/uploads\/2021\/08\/h07-1.jpg 250w\" data-sizes=\"auto\" \/><\/div><\/div><\/li><\/ul><div class=\"fusion-carousel-nav\"><span class=\"fusion-nav-prev\"><\/span><span class=\"fusion-nav-next\"><\/span><\/div><\/div><\/div><\/div><\/div><style type=\"text\/css\">.fusion-body .fusion-builder-column-1{width:100% !important;margin-top : 0px;margin-bottom : 20px;}.fusion-builder-column-1 > .fusion-column-wrapper {padding-top : 0px !important;padding-right : 0px !important;margin-right : 1.92%;padding-bottom : 0px !important;padding-left : 0px !important;margin-left : 1.92%;}@media only screen and (max-width:1024px) {.fusion-body .fusion-builder-column-1{width:100% !important;order : 0;}.fusion-builder-column-1 > .fusion-column-wrapper {margin-right : 1.92%;margin-left : 1.92%;}}@media only screen and (max-width:640px) {.fusion-body .fusion-builder-column-1{width:100% !important;order : 0;}.fusion-builder-column-1 > .fusion-column-wrapper {margin-right : 1.92%;margin-left : 1.92%;}}<\/style><\/div><\/div><style type=\"text\/css\">.fusion-body .fusion-flex-container.fusion-builder-row-2{ padding-top : 0px;margin-top : 0px;padding-right : 0px;padding-bottom : 0px;margin-bottom : 48px;padding-left : 0px;}<\/style><\/div><div class=\"fusion-fullwidth fullwidth-box fusion-builder-row-3 fusion-flex-container hundred-percent-fullwidth non-hundred-percent-height-scrolling\" style=\"background-color: rgba(255,255,255,0);background-position: center center;background-repeat: no-repeat;border-width: 0px 0px 0px 0px;border-color:#eaeaea;border-style:solid;\" ><div class=\"fusion-builder-row fusion-row fusion-flex-align-items-flex-start\" style=\"width:104% !important;max-width:104% !important;margin-left: calc(-4% \/ 2 );margin-right: calc(-4% \/ 2 );\"><div class=\"fusion-layout-column fusion_builder_column fusion-builder-column-2 fusion_builder_column_1_2 1_2 fusion-flex-column fusion-flex-align-self-stretch fusion-column-inner-bg-wrapper\"><div class=\"fusion-column-wrapper fusion-flex-justify-content-center fusion-content-layout-column\" style=\"padding: 5% 20% 5% 20%;\" data-bg-url=\"http:\/\/www.championlee.com\/wp-content\/uploads\/2021\/07\/home-slide7-1.jpg\"><div class=\"fusion-text fusion-text-3 sm-text-align-center fusion-text-no-margin product-bottom-nav\" style=\"text-align:right;font-size:24px;color:#ffffff;\"><p><small style=\"font-size: 16px;\">S\u1ea3n ph\u1ea9m kh\u00e1c<\/small><\/p>\n<div>Ph\u1ea7n m\u1ec1m ng\u00e0nh in &#8211; CP Label<\/div>\n<\/div><\/div><span class=\"fusion-column-inner-bg hover-type-none\"><a class=\"fusion-column-anchor\" href=\"\/vi\/software\"><span class=\"fusion-column-inner-bg-image lazyload\" style=\"background-position:center center;background-repeat:no-repeat;-webkit-background-size:cover;-moz-background-size:cover;-o-background-size:cover;background-size:cover;\" data-bg=\"http:\/\/www.championlee.com\/wp-content\/uploads\/2021\/07\/home-slide7-1.jpg\"><\/span><\/a><\/span><style type=\"text\/css\">.fusion-body .fusion-builder-column-2{width:50% !important;margin-top : 0px;margin-bottom : 0px;}.fusion-builder-column-2 > .fusion-column-wrapper {padding-top : 5% !important;padding-right : 20% !important;margin-right : 0;padding-bottom : 5% !important;padding-left : 20% !important;margin-left : 0;}.fusion-flex-container .fusion-row .fusion-builder-column-2 > .fusion-column-inner-bg { margin-right:0;margin-left:0; }@media only screen and (max-width:1024px) {.fusion-body .fusion-builder-column-2{width:100% !important;order : 0;}.fusion-builder-column-2 > .fusion-column-wrapper {margin-right : 0;margin-left : 0;}.fusion-flex-container .fusion-row .fusion-builder-column-2 > .fusion-column-inner-bg { margin-right:0;margin-left:0; }}@media only screen and (max-width:640px) {.fusion-body .fusion-builder-column-2{width:100% !important;order : 0;}.fusion-builder-column-2 > .fusion-column-wrapper {margin-right : 0;margin-left : 0;}.fusion-flex-container .fusion-row .fusion-builder-column-2 > .fusion-column-inner-bg { margin-right:0;margin-left:0; }}<\/style><\/div><div class=\"fusion-layout-column fusion_builder_column fusion-builder-column-3 fusion_builder_column_1_2 1_2 fusion-flex-column fusion-flex-align-self-stretch fusion-column-inner-bg-wrapper\"><div class=\"fusion-column-wrapper fusion-flex-justify-content-center fusion-content-layout-column\" style=\"padding: 5% 20% 5% 20%;\" data-bg-url=\"http:\/\/www.championlee.com\/wp-content\/uploads\/2021\/07\/home-slide3-1-800x450.jpg\"><div class=\"fusion-text fusion-text-4 sm-text-align-center fusion-text-no-margin product-bottom-nav\" style=\"text-align:left;font-size:24px;color:#ffffff;\"><p><small style=\"font-size: 16px;\">S\u1ea3n ph\u1ea9m kh\u00e1c<\/small><\/p>\n<div>Nh\u00e3n &#8211; Nh\u00e3n, Stickers<\/div>\n<\/div><\/div><span class=\"fusion-column-inner-bg hover-type-none\"><a class=\"fusion-column-anchor\" href=\"\/vi\/labels\"><span class=\"fusion-column-inner-bg-image lazyload\" style=\"background-position:center center;background-repeat:no-repeat;-webkit-background-size:cover;-moz-background-size:cover;-o-background-size:cover;background-size:cover;\" data-bg=\"http:\/\/www.championlee.com\/wp-content\/uploads\/2021\/07\/home-slide3-1-800x450.jpg\"><\/span><\/a><\/span><style type=\"text\/css\">.fusion-body .fusion-builder-column-3{width:50% !important;margin-top : 0px;margin-bottom : 0px;}.fusion-builder-column-3 > .fusion-column-wrapper {padding-top : 5% !important;padding-right : 20% !important;margin-right : 0;padding-bottom : 5% !important;padding-left : 20% !important;margin-left : 0;}.fusion-flex-container .fusion-row .fusion-builder-column-3 > .fusion-column-inner-bg { margin-right:0;margin-left:0; }@media only screen and (max-width:1024px) {.fusion-body .fusion-builder-column-3{width:100% !important;order : 0;}.fusion-builder-column-3 > .fusion-column-wrapper {margin-right : 1.92%;margin-left : 1.92%;}.fusion-flex-container .fusion-row .fusion-builder-column-3 > .fusion-column-inner-bg { margin-right:1.92%;margin-left:1.92%; }}@media only screen and (max-width:640px) {.fusion-body .fusion-builder-column-3{width:100% !important;order : 0;}.fusion-builder-column-3 > .fusion-column-wrapper {margin-right : 1.92%;margin-left : 1.92%;}.fusion-flex-container .fusion-row .fusion-builder-column-3 > .fusion-column-inner-bg { margin-right:1.92%;margin-left:1.92%; }}<\/style><\/div><\/div><style type=\"text\/css\">.fusion-body .fusion-flex-container.fusion-builder-row-3{ padding-top : 0px;margin-top : 0px;padding-right : 0px;padding-bottom : 0px;margin-bottom : 0px;padding-left : 0px;min-height:320px;}@media only screen and (max-width:1024px) {.fusion-body .fusion-flex-container.fusion-builder-row-3{ padding-right : 0;padding-left : 0;}}<\/style><\/div><\/p>\n","protected":false},"excerpt":{"rendered":"","protected":false},"author":1,"featured_media":0,"parent":0,"menu_order":0,"comment_status":"closed","ping_status":"closed","template":"100-width.php","meta":[],"yoast_head":"<!-- This site is optimized with the Yoast SEO plugin v16.6.1 - https:\/\/yoast.com\/wordpress\/plugins\/seo\/ -->\n<title>Th\u1ebb b\u00e0i - \u51a0\u7fce\u79d1\u6280\u6709\u9650\u516c\u53f8\uff5cChampion Lee<\/title>\n<meta name=\"robots\" content=\"index, follow, max-snippet:-1, max-image-preview:large, max-video-preview:-1\" \/>\n<link rel=\"canonical\" href=\"http:\/\/www.championlee.com\/vi\/hangtag\/\" \/>\n<meta property=\"og:locale\" content=\"vi_VN\" \/>\n<meta property=\"og:type\" content=\"article\" \/>\n<meta property=\"og:title\" content=\"Th\u1ebb b\u00e0i - \u51a0\u7fce\u79d1\u6280\u6709\u9650\u516c\u53f8\uff5cChampion Lee\" \/>\n<meta property=\"og:url\" content=\"http:\/\/www.championlee.com\/vi\/hangtag\/\" \/>\n<meta property=\"og:site_name\" content=\"\u51a0\u7fce\u79d1\u6280\u6709\u9650\u516c\u53f8\uff5cChampion Lee\" \/>\n<meta property=\"article:modified_time\" content=\"2023-02-24T02:28:09+00:00\" \/>\n<meta name=\"twitter:card\" content=\"summary_large_image\" \/>\n<meta name=\"twitter:label1\" content=\"Est. reading time\" \/>\n\t<meta name=\"twitter:data1\" content=\"5 minutes\" \/>\n<script type=\"application\/ld+json\" class=\"yoast-schema-graph\">{\"@context\":\"https:\/\/schema.org\",\"@graph\":[{\"@type\":\"WebSite\",\"@id\":\"http:\/\/www.championlee.com\/#website\",\"url\":\"http:\/\/www.championlee.com\/\",\"name\":\"\\u51a0\\u7fce\\u79d1\\u6280\\u6709\\u9650\\u516c\\u53f8\\uff5cChampion Lee\",\"description\":\"\\u51a0\\u7fce\\u79d1\\u6280\\u6709\\u9650\\u516c\\u53f8\\uff5cChampion Lee\",\"potentialAction\":[{\"@type\":\"SearchAction\",\"target\":{\"@type\":\"EntryPoint\",\"urlTemplate\":\"http:\/\/www.championlee.com\/?s={search_term_string}\"},\"query-input\":\"required name=search_term_string\"}],\"inLanguage\":\"vi-VN\"},{\"@type\":\"WebPage\",\"@id\":\"http:\/\/www.championlee.com\/vi\/hangtag\/#webpage\",\"url\":\"http:\/\/www.championlee.com\/vi\/hangtag\/\",\"name\":\"Th\\u1ebb b\\u00e0i - \\u51a0\\u7fce\\u79d1\\u6280\\u6709\\u9650\\u516c\\u53f8\\uff5cChampion Lee\",\"isPartOf\":{\"@id\":\"http:\/\/www.championlee.com\/#website\"},\"datePublished\":\"2021-07-06T09:17:09+00:00\",\"dateModified\":\"2023-02-24T02:28:09+00:00\",\"breadcrumb\":{\"@id\":\"http:\/\/www.championlee.com\/vi\/hangtag\/#breadcrumb\"},\"inLanguage\":\"vi-VN\",\"potentialAction\":[{\"@type\":\"ReadAction\",\"target\":[\"http:\/\/www.championlee.com\/vi\/hangtag\/\"]}]},{\"@type\":\"BreadcrumbList\",\"@id\":\"http:\/\/www.championlee.com\/vi\/hangtag\/#breadcrumb\",\"itemListElement\":[{\"@type\":\"ListItem\",\"position\":1,\"name\":\"Home\",\"item\":\"http:\/\/www.championlee.com\/vi\/\"},{\"@type\":\"ListItem\",\"position\":2,\"name\":\"Th\\u1ebb b\\u00e0i\"}]}]}<\/script>\n<!-- \/ Yoast SEO plugin. -->","_links":{"self":[{"href":"http:\/\/www.championlee.com\/vi\/wp-json\/wp\/v2\/pages\/1967"}],"collection":[{"href":"http:\/\/www.championlee.com\/vi\/wp-json\/wp\/v2\/pages"}],"about":[{"href":"http:\/\/www.championlee.com\/vi\/wp-json\/wp\/v2\/types\/page"}],"author":[{"embeddable":true,"href":"http:\/\/www.championlee.com\/vi\/wp-json\/wp\/v2\/users\/1"}],"replies":[{"embeddable":true,"href":"http:\/\/www.championlee.com\/vi\/wp-json\/wp\/v2\/comments?post=1967"}],"version-history":[{"count":17,"href":"http:\/\/www.championlee.com\/vi\/wp-json\/wp\/v2\/pages\/1967\/revisions"}],"predecessor-version":[{"id":2319,"href":"http:\/\/www.championlee.com\/vi\/wp-json\/wp\/v2\/pages\/1967\/revisions\/2319"}],"wp:attachment":[{"href":"http:\/\/www.championlee.com\/vi\/wp-json\/wp\/v2\/media?parent=1967"}],"curies":[{"name":"wp","href":"https:\/\/api.w.org\/{rel}","templated":true}]}}