{"id":1983,"date":"2021-07-07T07:59:14","date_gmt":"2021-07-07T07:59:14","guid":{"rendered":"http:\/\/www.championlee.com\/hardware\/"},"modified":"2021-09-03T17:29:22","modified_gmt":"2021-09-03T09:29:22","slug":"hardware","status":"publish","type":"page","link":"http:\/\/www.championlee.com\/vi\/hardware\/","title":{"rendered":"Ph\u1ea7n c\u1ee9ng"},"content":{"rendered":"<p><div class=\"fusion-fullwidth fullwidth-box fusion-builder-row-1 fusion-flex-container hundred-percent-fullwidth non-hundred-percent-height-scrolling\" style=\"background-color: rgba(255,255,255,0);background-position: center center;background-repeat: no-repeat;border-width: 0px 0px 0px 0px;border-color:#eaeaea;border-style:solid;\" ><div class=\"fusion-builder-row fusion-row fusion-flex-align-items-flex-start\" style=\"width:104% !important;max-width:104% !important;margin-left: calc(-4% \/ 2 );margin-right: calc(-4% \/ 2 );\"><div class=\"fusion-layout-column fusion_builder_column fusion-builder-column-0 fusion_builder_column_1_1 1_1 fusion-flex-column\"><div class=\"fusion-column-wrapper fusion-flex-justify-content-flex-start fusion-content-layout-column\" style=\"background-position:left top;background-repeat:no-repeat;-webkit-background-size:cover;-moz-background-size:cover;-o-background-size:cover;background-size:cover;padding: 0px 50px 0px 50px;\"><!-- Markup Starts -->\n<div id=\"pcp_wrapper-1157\" class=\"sp-pcp-section sp-pcp-container pcp-wrapper-1157 pcp-carousel-wrapper standard\" data-sid=\"1157\">\n\t<div id=\"sp-pcp-id-1157\" class=\"swiper-container sp-pcp-carousel top_right\" dir=\"ltr\" data-carousel='{ \"speed\":600, \"items\":4, \"spaceBetween\":20, \"navigation\":true, \"pagination\": true, \"autoplay\": true, \"autoplay_speed\": 2700, \"loop\": true, \"autoHeight\": false, \"lazy\":  true, \"simulateTouch\": false, \"slider_mouse_wheel\": false,\"allowTouchMove\": false, \"slidesPerView\": {\"lg_desktop\": 4, \"desktop\": 4, \"tablet\": 3, \"mobile_landscape\": 2, \"mobile\": 1}, \"navigation_mobile\": true, \"pagination_mobile\": true, \"stop_onHover\": false, \"enabled\": true, \"prevSlideMessage\": \"Previous slide\", \"nextSlideMessage\": \"Next slide\", \"firstSlideMessage\": \"This is the first slide\", \"lastSlideMessage\": \"This is the last slide\", \"paginationBulletMessage\": \"Go to slide {{index}}\" }'>\n\t\t\t<div class=\"swiper-wrapper\">\n\t\t\t\t\t\t<div class=\" swiper-slide swiper-lazy\">\n\t\t\t<div class=\"sp-pcp-post pcp-item-2043\" data-id=\"2043\">\n\t\t\t\t\t\t\t\t<div class=\"pcp-post-thumb-wrapper\">\n\t\t\t\t\t<div class=\"sp-pcp-post-thumb-area\">\n\t\t\t\t\t\t\t\t\t\t\t\t<a class=\"sp-pcp-thumb\" >\n\t\t\t\t\t\t\t\t\t\t\t\t\t<img class=\"lazyload\" src=\"data:image\/svg+xml,%3Csvg%20xmlns%3D%27http%3A%2F%2Fwww.w3.org%2F2000%2Fsvg%27%20width%3D%27278%27%20height%3D%27300%27%20viewBox%3D%270%200%20278%20300%27%3E%3Crect%20width%3D%27278%27%20height%3D%27300%27%20fill-opacity%3D%220%22%2F%3E%3C%2Fsvg%3E\" data-orig-src=\"http:\/\/www.championlee.com\/wp-content\/uploads\/2021\/07\/hardware-item0-278x300.png\" width=\"278\" height=\"300\" alt=\"\">\n\t\t\t\t\t\t<\/a>\n\t\t\t\t\t<\/div>\n\t\t\t\t<\/div>\n\t\t\t\t\t\t\t<h2 class=\"sp-pcp-title\">\n\t\t\t\t\t\t\t\t\t<a >M\u00e1y in \u0111\u1ec3 b\u00e0n Zebra<\/a>\t\t\t\t\t\t\t<\/h2>\n\t\t\t\t\t\t<div class=\"sp-pcp-post-content\">\n\t\t\t<p>M\u00e1y in \u0111\u1ec3 b\u00e0n Zebra nh\u1ecf g\u1ecdn, gi\u00e1 c\u1ea3 h\u1ee3p l\u00fd v\u00e0 v\u1eadn h\u00e0nh \u0111\u01a1n gi\u1ea3n, l\u00e0 m\u1ed9t gi\u1ea3i ph\u00e1p in \u1ea5n ph\u00f9 h\u1ee3p \u0111\u1ec3 s\u1eed d\u1ee5ng trong kh\u00f4ng gian h\u1ea1n ch\u1ebf. Cho d\u00f9 \u0111\u00f3 l\u00e0 I.D. v\u00f2ng \u0111eo tay, nh\u00e3n b\u00e1n l\u1ebb, nh\u00e3n v\u1eadn chuy\u1ec3n v\u00e0 \u0111\u00f3ng g\u00f3i, nh\u00e3n b\u1eb1ng ch\u1ee9ng v\u00e0 t\u00e0i s\u1ea3n, v.v., Zebra c\u00f3 th\u1ec3 \u0111\u00e1p \u1ee9ng nhu c\u1ea7u c\u1ee7a b\u1ea1n.<\/p>\n\t\t<\/div>\n\t\t\t\t\t\t<\/div>\n\t\t<\/div>\n\t\t\t\t<div class=\" swiper-slide swiper-lazy\">\n\t\t\t<div class=\"sp-pcp-post pcp-item-2048\" data-id=\"2048\">\n\t\t\t\t\t\t\t\t<div class=\"pcp-post-thumb-wrapper\">\n\t\t\t\t\t<div class=\"sp-pcp-post-thumb-area\">\n\t\t\t\t\t\t\t\t\t\t\t\t<a class=\"sp-pcp-thumb\" >\n\t\t\t\t\t\t\t\t\t\t\t\t\t<img class=\"lazyload\" src=\"data:image\/svg+xml,%3Csvg%20xmlns%3D%27http%3A%2F%2Fwww.w3.org%2F2000%2Fsvg%27%20width%3D%27278%27%20height%3D%27300%27%20viewBox%3D%270%200%20278%20300%27%3E%3Crect%20width%3D%27278%27%20height%3D%27300%27%20fill-opacity%3D%220%22%2F%3E%3C%2Fsvg%3E\" data-orig-src=\"http:\/\/www.championlee.com\/wp-content\/uploads\/2021\/07\/hardware-item1-278x300.png\" width=\"278\" height=\"300\" alt=\"\">\n\t\t\t\t\t\t<\/a>\n\t\t\t\t\t<\/div>\n\t\t\t\t<\/div>\n\t\t\t\t\t\t\t<h2 class=\"sp-pcp-title\">\n\t\t\t\t\t\t\t\t\t<a >H\u1ec7 th\u1ed1ng nh\u00e3n hi\u1ec7u QLS<\/a>\t\t\t\t\t\t\t<\/h2>\n\t\t\t\t\t\t<div class=\"sp-pcp-post-content\">\n\t\t\t<p>D\u00f2ng QLS \u0111\u01b0\u1ee3c thi\u1ebft k\u1ebf \u0111\u1ec3 in hai m\u1eb7t h\u00ecnh \u1ea3nh nh\u00e3n hi\u1ec7u v\u00e0 th\u00f4ng tin s\u1ea3n ph\u1ea9m. N\u00f3 c\u00f3 l\u1ee3i cho vi\u1ec7c in \u1ea5n s\u1ed1 l\u01b0\u1ee3ng l\u1edbn c\u00e1c nh\u00e3n t\u00f9y ch\u1ec9nh, gi\u00e1 th\u00e0nh v\u1eeba ph\u1ea3i v\u00e0 d\u1ec5 d\u00e0ng thay \u0111\u1ed5i.<\/p>\n\t\t<\/div>\n\t\t\t\t\t\t<\/div>\n\t\t<\/div>\n\t\t\t\t<div class=\" swiper-slide swiper-lazy\">\n\t\t\t<div class=\"sp-pcp-post pcp-item-2051\" data-id=\"2051\">\n\t\t\t\t\t\t\t\t<div class=\"pcp-post-thumb-wrapper\">\n\t\t\t\t\t<div class=\"sp-pcp-post-thumb-area\">\n\t\t\t\t\t\t\t\t\t\t\t\t<a class=\"sp-pcp-thumb\" >\n\t\t\t\t\t\t\t\t\t\t\t\t\t<img class=\"lazyload\" src=\"data:image\/svg+xml,%3Csvg%20xmlns%3D%27http%3A%2F%2Fwww.w3.org%2F2000%2Fsvg%27%20width%3D%27278%27%20height%3D%27300%27%20viewBox%3D%270%200%20278%20300%27%3E%3Crect%20width%3D%27278%27%20height%3D%27300%27%20fill-opacity%3D%220%22%2F%3E%3C%2Fsvg%3E\" data-orig-src=\"http:\/\/www.championlee.com\/wp-content\/uploads\/2021\/07\/hardware-item2-278x300.png\" width=\"278\" height=\"300\" alt=\"\">\n\t\t\t\t\t\t<\/a>\n\t\t\t\t\t<\/div>\n\t\t\t\t<\/div>\n\t\t\t\t\t\t\t<h2 class=\"sp-pcp-title\">\n\t\t\t\t\t\t\t\t\t<a >Avery Dennison<\/a>\t\t\t\t\t\t\t<\/h2>\n\t\t\t\t\t\t<div class=\"sp-pcp-post-content\">\n\t\t\t<p>Avery Dennison M\u00e1y in \u0111\u1ec3 b\u00e0n Avery Dennison Monarch\u00ae r\u1ea5t linh ho\u1ea1t, \u0111\u00e1ng tin c\u1eady v\u00e0 hi\u1ec7u qu\u1ea3. C\u00f3 r\u1ea5t nhi\u1ec1u t\u00f9y ch\u1ecdn \u0111\u1ec3 b\u1ea1n l\u1ef1a ch\u1ecdn \u0111\u1ec3 gi\u00fap t\u0103ng n\u0103ng su\u1ea5t. Ch\u00fang t\u00f4i c\u0169ng cung c\u1ea5p nhi\u1ec1u lo\u1ea1i v\u1eadt t\u01b0 ti\u00eau hao bao g\u1ed3m nh\u00e3n, ruy b\u0103ng v\u00e0 v\u1eadt li\u1ec7u gi\u1ea5y.<\/p>\n\t\t<\/div>\n\t\t\t\t\t\t<\/div>\n\t\t<\/div>\n\t\t\t\t<div class=\" swiper-slide swiper-lazy\">\n\t\t\t<div class=\"sp-pcp-post pcp-item-2054\" data-id=\"2054\">\n\t\t\t\t\t\t\t\t<div class=\"pcp-post-thumb-wrapper\">\n\t\t\t\t\t<div class=\"sp-pcp-post-thumb-area\">\n\t\t\t\t\t\t\t\t\t\t\t\t<a class=\"sp-pcp-thumb\" >\n\t\t\t\t\t\t\t\t\t\t\t\t\t<img class=\"lazyload\" src=\"data:image\/svg+xml,%3Csvg%20xmlns%3D%27http%3A%2F%2Fwww.w3.org%2F2000%2Fsvg%27%20width%3D%27278%27%20height%3D%27300%27%20viewBox%3D%270%200%20278%20300%27%3E%3Crect%20width%3D%27278%27%20height%3D%27300%27%20fill-opacity%3D%220%22%2F%3E%3C%2Fsvg%3E\" data-orig-src=\"http:\/\/www.championlee.com\/wp-content\/uploads\/2021\/07\/hardware-item3-278x300.png\" width=\"278\" height=\"300\" alt=\"\">\n\t\t\t\t\t\t<\/a>\n\t\t\t\t\t<\/div>\n\t\t\t\t<\/div>\n\t\t\t\t\t\t\t<h2 class=\"sp-pcp-title\">\n\t\t\t\t\t\t\t\t\t<a >M\u00e1y in Citizen<\/a>\t\t\t\t\t\t\t<\/h2>\n\t\t\t\t\t\t<div class=\"sp-pcp-post-content\">\n\t\t\t<p>M\u00e1y in CITIZEN \u0111\u01b0\u1ee3c thi\u1ebft k\u1ebf \u0111\u1eb7c bi\u1ec7t cho nh\u1eefng ng\u01b0\u1eddi d\u00f9ng coi tr\u1ecdng hi\u1ec7u qu\u1ea3 chi ph\u00ed, \u0111\u1ed3ng th\u1eddi coi tr\u1ecdng ch\u1ea5t l\u01b0\u1ee3ng v\u00e0 \u0111\u1ed9 tin c\u1eady.<\/p>\n\t\t<\/div>\n\t\t\t\t\t\t<\/div>\n\t\t<\/div>\n\t\t\t\t<div class=\" swiper-slide swiper-lazy\">\n\t\t\t<div class=\"sp-pcp-post pcp-item-2057\" data-id=\"2057\">\n\t\t\t\t\t\t\t\t<div class=\"pcp-post-thumb-wrapper\">\n\t\t\t\t\t<div class=\"sp-pcp-post-thumb-area\">\n\t\t\t\t\t\t\t\t\t\t\t\t<a class=\"sp-pcp-thumb\" >\n\t\t\t\t\t\t\t\t\t\t\t\t\t<img class=\"lazyload\" src=\"data:image\/svg+xml,%3Csvg%20xmlns%3D%27http%3A%2F%2Fwww.w3.org%2F2000%2Fsvg%27%20width%3D%27278%27%20height%3D%27300%27%20viewBox%3D%270%200%20278%20300%27%3E%3Crect%20width%3D%27278%27%20height%3D%27300%27%20fill-opacity%3D%220%22%2F%3E%3C%2Fsvg%3E\" data-orig-src=\"http:\/\/www.championlee.com\/wp-content\/uploads\/2021\/07\/hardware-item4-278x300.png\" width=\"278\" height=\"300\" alt=\"\">\n\t\t\t\t\t\t<\/a>\n\t\t\t\t\t<\/div>\n\t\t\t\t<\/div>\n\t\t\t\t\t\t\t<h2 class=\"sp-pcp-title\">\n\t\t\t\t\t\t\t\t\t<a >M\u00e1y in m\u00e3 v\u1ea1ch toshiba<\/a>\t\t\t\t\t\t\t<\/h2>\n\t\t\t\t\t\t<div class=\"sp-pcp-post-content\">\n\t\t\t<p>M\u00e1y in m\u00e3 v\u1ea1ch Toshiba chuy\u00ean s\u1ea3n xu\u1ea5t tem nh\u00e3n m\u00e3 v\u1ea1ch \u0111\u1eb9p v\u00e0 ch\u1ea5t l\u01b0\u1ee3ng cao, t\u1ed1i \u0111a h\u00f3a hi\u1ec7u qu\u1ea3 in \u1ea5n \u0111\u1ec3 \u0111\u00e1p \u1ee9ng nhu c\u1ea7u c\u1ee7a kh\u00e1ch h\u00e0ng.<\/p>\n\t\t<\/div>\n\t\t\t\t\t\t<\/div>\n\t\t<\/div>\n\t\t\t\t<div class=\" swiper-slide swiper-lazy\">\n\t\t\t<div class=\"sp-pcp-post pcp-item-2060\" data-id=\"2060\">\n\t\t\t\t\t\t\t\t<div class=\"pcp-post-thumb-wrapper\">\n\t\t\t\t\t<div class=\"sp-pcp-post-thumb-area\">\n\t\t\t\t\t\t\t\t\t\t\t\t<a class=\"sp-pcp-thumb\" >\n\t\t\t\t\t\t\t\t\t\t\t\t\t<img class=\"lazyload\" src=\"data:image\/svg+xml,%3Csvg%20xmlns%3D%27http%3A%2F%2Fwww.w3.org%2F2000%2Fsvg%27%20width%3D%27278%27%20height%3D%27300%27%20viewBox%3D%270%200%20278%20300%27%3E%3Crect%20width%3D%27278%27%20height%3D%27300%27%20fill-opacity%3D%220%22%2F%3E%3C%2Fsvg%3E\" data-orig-src=\"http:\/\/www.championlee.com\/wp-content\/uploads\/2021\/07\/hardware-item5-278x300.png\" width=\"278\" height=\"300\" alt=\"\">\n\t\t\t\t\t\t<\/a>\n\t\t\t\t\t<\/div>\n\t\t\t\t<\/div>\n\t\t\t\t\t\t\t<h2 class=\"sp-pcp-title\">\n\t\t\t\t\t\t\t\t\t<a >SATO<\/a>\t\t\t\t\t\t\t<\/h2>\n\t\t\t\t\t\t<div class=\"sp-pcp-post-content\">\n\t\t\t<p>SATO \u0111\u01b0\u1ee3c bi\u1ebft \u0111\u1ebfn v\u1edbi \u0111\u1ed9 tin c\u1eady v\u00e0 \u1ed5n \u0111\u1ecbnh c\u1ee7a c\u00e1c s\u1ea3n ph\u1ea9m, bao g\u1ed3m m\u00e1y in nhi\u1ec7t v\u00e0 chuy\u1ec3n nhi\u1ec7t, m\u00e1y in th\u00f4ng minh RFID v\u00e0 c\u00e1c thi\u1ebft b\u1ecb in OEM kh\u00e1c nhau.<\/p>\n\t\t<\/div>\n\t\t\t\t\t\t<\/div>\n\t\t<\/div>\n\t\t\t\t<div class=\" swiper-slide swiper-lazy\">\n\t\t\t<div class=\"sp-pcp-post pcp-item-2098\" data-id=\"2098\">\n\t\t\t\t\t\t\t\t<div class=\"pcp-post-thumb-wrapper\">\n\t\t\t\t\t<div class=\"sp-pcp-post-thumb-area\">\n\t\t\t\t\t\t\t\t\t\t\t\t<a class=\"sp-pcp-thumb\" >\n\t\t\t\t\t\t\t\t\t\t\t\t\t<img class=\"lazyload\" src=\"data:image\/svg+xml,%3Csvg%20xmlns%3D%27http%3A%2F%2Fwww.w3.org%2F2000%2Fsvg%27%20width%3D%27250%27%20height%3D%27250%27%20viewBox%3D%270%200%20250%20250%27%3E%3Crect%20width%3D%27250%27%20height%3D%27250%27%20fill-opacity%3D%220%22%2F%3E%3C%2Fsvg%3E\" data-orig-src=\"http:\/\/www.championlee.com\/wp-content\/uploads\/2021\/07\/DATAMAX.png\" width=\"250\" height=\"250\" alt=\"\">\n\t\t\t\t\t\t<\/a>\n\t\t\t\t\t<\/div>\n\t\t\t\t<\/div>\n\t\t\t\t\t\t\t<h2 class=\"sp-pcp-title\">\n\t\t\t\t\t\t\t\t\t<a >DATAMAX<\/a>\t\t\t\t\t\t\t<\/h2>\n\t\t\t\t\t\t<div class=\"sp-pcp-post-content\">\n\t\t\t<p>Datamax l\u00e0 m\u1ed9t c\u00f4ng ty n\u1ed5i ti\u1ebfng chuy\u00ean s\u1ea3n xu\u1ea5t v\u00e0 b\u00e1n c\u00e1c gi\u1ea3i ph\u00e1p in \u1ea5n cho nhi\u1ec1u m\u1ee5c \u0111\u00edch kh\u00e1c nhau. C\u00e1c s\u1ea3n ph\u1ea9m c\u1ee7a h\u1ecd c\u00f3 \u0111\u1eb7c \u0111i\u1ec3m l\u00e0 c\u00f4ng ngh\u1ec7 ti\u00ean ti\u1ebfn v\u00e0 ch\u1ea5t l\u01b0\u1ee3ng cao, trong khi gi\u00e1 th\u00e0nh l\u1ea1i r\u1ea5t r\u1ebb.<\/p>\n\t\t<\/div>\n\t\t\t\t\t\t<\/div>\n\t\t<\/div>\n\t\t\t\t<div class=\" swiper-slide swiper-lazy\">\n\t\t\t<div class=\"sp-pcp-post pcp-item-2100\" data-id=\"2100\">\n\t\t\t\t\t\t\t\t<div class=\"pcp-post-thumb-wrapper\">\n\t\t\t\t\t<div class=\"sp-pcp-post-thumb-area\">\n\t\t\t\t\t\t\t\t\t\t\t\t<a class=\"sp-pcp-thumb\" >\n\t\t\t\t\t\t\t\t\t\t\t\t\t<img class=\"lazyload\" src=\"data:image\/svg+xml,%3Csvg%20xmlns%3D%27http%3A%2F%2Fwww.w3.org%2F2000%2Fsvg%27%20width%3D%27250%27%20height%3D%27250%27%20viewBox%3D%270%200%20250%20250%27%3E%3Crect%20width%3D%27250%27%20height%3D%27250%27%20fill-opacity%3D%220%22%2F%3E%3C%2Fsvg%3E\" data-orig-src=\"http:\/\/www.championlee.com\/wp-content\/uploads\/2021\/07\/Symbol\u624b\u6301\u5f0f\u689d\u78bc\u6383\u63cf\u5100.png\" width=\"250\" height=\"250\" alt=\"\">\n\t\t\t\t\t\t<\/a>\n\t\t\t\t\t<\/div>\n\t\t\t\t<\/div>\n\t\t\t\t\t\t\t<h2 class=\"sp-pcp-title\">\n\t\t\t\t\t\t\t\t\t<a >M\u00e1y qu\u00e9t m\u00e3 v\u1ea1ch c\u1ea7m tay Symbol<\/a>\t\t\t\t\t\t\t<\/h2>\n\t\t\t\t\t\t<div class=\"sp-pcp-post-content\">\n\t\t\t<p>M\u00e1y qu\u00e9t m\u00e3 v\u1ea1ch c\u1ea7m tay Symbol l\u00e0 m\u1ed9t h\u1ec7 th\u1ed1ng qu\u00e9t nhanh v\u00e0 \u0111\u00e1ng tin c\u1eady. Kho\u1ea3ng c\u00e1ch h\u00e0nh \u0111\u1ed9ng c\u1ee7a n\u00f3 c\u00f3 th\u1ec3 \u0111\u01b0\u1ee3c m\u1edf r\u1ed9ng t\u1eeb 17inch \u0111\u1ec3 ti\u1ebfp x\u00fac g\u1ea7n. Giao di\u1ec7n ph\u1ee9c h\u1ee3p thu\u1eadn ti\u1ec7n \u0111\u1ec3 k\u1ebft n\u1ed1i v\u1edbi c\u00e1c h\u1ec7 th\u1ed1ng m\u00e1y ch\u1ee7 kh\u00e1c nhau.<\/p>\n\t\t<\/div>\n\t\t\t\t\t\t<\/div>\n\t\t<\/div>\n\t\t\t\t\t<\/div>\n\t\t\t\t\t\t<div class=\"pcp-pagination swiper-pagination dots\"><\/div>\n\t\t\t\t\t\t\t\t\t\t<div class=\"pcp-button-next swiper-button-next top_right\"><i class=\"fa fa-angle-right\"><\/i><\/div>\n\t\t\t\t<div class=\"pcp-button-prev swiper-button-prev top_right\"><i class=\"fa fa-angle-left\"><\/i><\/div>\t<\/div>\n<\/div>\n<\/div><style type=\"text\/css\">.fusion-body .fusion-builder-column-0{width:100% !important;margin-top : 0px;margin-bottom : 20px;}.fusion-builder-column-0 > .fusion-column-wrapper {padding-top : 0px !important;padding-right : 50px !important;margin-right : 0;padding-bottom : 0px !important;padding-left : 50px !important;margin-left : 0;}@media only screen and (max-width:1024px) {.fusion-body .fusion-builder-column-0{width:100% !important;order : 0;}.fusion-builder-column-0 > .fusion-column-wrapper {margin-right : 1.92%;margin-left : 1.92%;}}@media only screen and (max-width:640px) {.fusion-body .fusion-builder-column-0{width:100% !important;order : 0;}.fusion-builder-column-0 > .fusion-column-wrapper {margin-right : 1.92%;margin-left : 1.92%;}}<\/style><\/div><\/div><style type=\"text\/css\">.fusion-body .fusion-flex-container.fusion-builder-row-1{ padding-top : 0px;margin-top : 0px;padding-right : 0px;padding-bottom : 0px;margin-bottom : 48px;padding-left : 0px;}<\/style><\/div><div class=\"fusion-fullwidth fullwidth-box fusion-builder-row-2 fusion-flex-container hundred-percent-fullwidth non-hundred-percent-height-scrolling\" style=\"background-color: rgba(255,255,255,0);background-position: center center;background-repeat: no-repeat;border-width: 0px 0px 0px 0px;border-color:#eaeaea;border-style:solid;\" ><div class=\"fusion-builder-row fusion-row fusion-flex-align-items-flex-start\" style=\"width:104% !important;max-width:104% !important;margin-left: calc(-4% \/ 2 );margin-right: calc(-4% \/ 2 );\"><div class=\"fusion-layout-column fusion_builder_column fusion-builder-column-1 fusion_builder_column_1_2 1_2 fusion-flex-column fusion-flex-align-self-stretch fusion-column-inner-bg-wrapper\"><div class=\"fusion-column-wrapper fusion-flex-justify-content-center fusion-content-layout-column\" style=\"padding: 5% 20% 5% 20%;\" data-bg-url=\"http:\/\/www.championlee.com\/wp-content\/uploads\/2021\/07\/home-slide4-1-800x450.jpg\"><div class=\"fusion-text fusion-text-1 sm-text-align-center fusion-text-no-margin product-bottom-nav\" style=\"text-align:right;font-size:24px;color:#ffffff;\"><p><small style=\"font-size: 16px;\">S\u1ea3n ph\u1ea9m kh\u00e1c<\/small><\/p>\n<div>Th\u1ebb RFID &#8211; C\u00e1c nh\u00e3n v\u00e0 nh\u00e3n chip RFID kh\u00e1c nhau<\/div>\n<\/div><\/div><span class=\"fusion-column-inner-bg hover-type-none\"><a class=\"fusion-column-anchor\" href=\"\/vi\/rfid\"><span class=\"fusion-column-inner-bg-image lazyload\" style=\"background-position:center center;background-repeat:no-repeat;-webkit-background-size:cover;-moz-background-size:cover;-o-background-size:cover;background-size:cover;\" data-bg=\"http:\/\/www.championlee.com\/wp-content\/uploads\/2021\/07\/home-slide4-1-800x450.jpg\"><\/span><\/a><\/span><style type=\"text\/css\">.fusion-body .fusion-builder-column-1{width:50% !important;margin-top : 0px;margin-bottom : 0px;}.fusion-builder-column-1 > .fusion-column-wrapper {padding-top : 5% !important;padding-right : 20% !important;margin-right : 0;padding-bottom : 5% !important;padding-left : 20% !important;margin-left : 0;}.fusion-flex-container .fusion-row .fusion-builder-column-1 > .fusion-column-inner-bg { margin-right:0;margin-left:0; }@media only screen and (max-width:1024px) {.fusion-body .fusion-builder-column-1{width:100% !important;order : 0;}.fusion-builder-column-1 > .fusion-column-wrapper {margin-right : 1.92%;margin-left : 1.92%;}.fusion-flex-container .fusion-row .fusion-builder-column-1 > .fusion-column-inner-bg { margin-right:1.92%;margin-left:1.92%; }}@media only screen and (max-width:640px) {.fusion-body .fusion-builder-column-1{width:100% !important;order : 0;}.fusion-builder-column-1 > .fusion-column-wrapper {margin-right : 1.92%;margin-left : 1.92%;}.fusion-flex-container .fusion-row .fusion-builder-column-1 > .fusion-column-inner-bg { margin-right:1.92%;margin-left:1.92%; }}<\/style><\/div><div class=\"fusion-layout-column fusion_builder_column fusion-builder-column-2 fusion_builder_column_1_2 1_2 fusion-flex-column fusion-flex-align-self-stretch fusion-column-inner-bg-wrapper\"><div class=\"fusion-column-wrapper fusion-flex-justify-content-center fusion-content-layout-column\" style=\"padding: 5% 20% 5% 20%;\" data-bg-url=\"http:\/\/www.championlee.com\/wp-content\/uploads\/2021\/07\/home-slide6-1-800x450.jpg\"><div class=\"fusion-text fusion-text-2 sm-text-align-center fusion-text-no-margin product-bottom-nav\" style=\"text-align:left;font-size:24px;color:#ffffff;\"><p><small style=\"font-size: 16px;\">S\u1ea3n ph\u1ea9m kh\u00e1c<\/small><\/p>\n<div>V\u1eadt t\u1ef1 s\u1eed d\u1ee5ng &#8211; Ruy b\u0103ng, Nh\u00e3n tr\u1eafng<\/div>\n<\/div><\/div><span class=\"fusion-column-inner-bg hover-type-none\"><a class=\"fusion-column-anchor\" href=\"\/vi\/consumable\"><span class=\"fusion-column-inner-bg-image lazyload\" style=\"background-position:center center;background-repeat:no-repeat;-webkit-background-size:cover;-moz-background-size:cover;-o-background-size:cover;background-size:cover;\" data-bg=\"http:\/\/www.championlee.com\/wp-content\/uploads\/2021\/07\/home-slide6-1-800x450.jpg\"><\/span><\/a><\/span><style type=\"text\/css\">.fusion-body .fusion-builder-column-2{width:50% !important;margin-top : 0px;margin-bottom : 0px;}.fusion-builder-column-2 > .fusion-column-wrapper {padding-top : 5% !important;padding-right : 20% !important;margin-right : 0;padding-bottom : 5% !important;padding-left : 20% !important;margin-left : 0;}.fusion-flex-container .fusion-row .fusion-builder-column-2 > .fusion-column-inner-bg { margin-right:0;margin-left:0; }@media only screen and (max-width:1024px) {.fusion-body .fusion-builder-column-2{width:100% !important;order : 0;}.fusion-builder-column-2 > .fusion-column-wrapper {margin-right : 1.92%;margin-left : 1.92%;}.fusion-flex-container .fusion-row .fusion-builder-column-2 > .fusion-column-inner-bg { margin-right:1.92%;margin-left:1.92%; }}@media only screen and (max-width:640px) {.fusion-body .fusion-builder-column-2{width:100% !important;order : 0;}.fusion-builder-column-2 > .fusion-column-wrapper {margin-right : 1.92%;margin-left : 1.92%;}.fusion-flex-container .fusion-row .fusion-builder-column-2 > .fusion-column-inner-bg { margin-right:1.92%;margin-left:1.92%; }}<\/style><\/div><\/div><style type=\"text\/css\">.fusion-body .fusion-flex-container.fusion-builder-row-2{ padding-top : 0px;margin-top : 0px;padding-right : 0px;padding-bottom : 0px;margin-bottom : 0px;padding-left : 0px;min-height:320px;}<\/style><\/div><\/p>\n","protected":false},"excerpt":{"rendered":"","protected":false},"author":1,"featured_media":0,"parent":0,"menu_order":0,"comment_status":"closed","ping_status":"closed","template":"100-width.php","meta":[],"yoast_head":"<!-- This site is optimized with the Yoast SEO plugin v16.6.1 - https:\/\/yoast.com\/wordpress\/plugins\/seo\/ -->\n<title>Ph\u1ea7n c\u1ee9ng - \u51a0\u7fce\u79d1\u6280\u6709\u9650\u516c\u53f8\uff5cChampion Lee<\/title>\n<meta name=\"robots\" content=\"index, follow, max-snippet:-1, max-image-preview:large, max-video-preview:-1\" \/>\n<link rel=\"canonical\" href=\"http:\/\/www.championlee.com\/vi\/hardware\/\" \/>\n<meta property=\"og:locale\" content=\"vi_VN\" \/>\n<meta property=\"og:type\" content=\"article\" \/>\n<meta property=\"og:title\" content=\"Ph\u1ea7n c\u1ee9ng - \u51a0\u7fce\u79d1\u6280\u6709\u9650\u516c\u53f8\uff5cChampion Lee\" \/>\n<meta property=\"og:url\" content=\"http:\/\/www.championlee.com\/vi\/hardware\/\" \/>\n<meta property=\"og:site_name\" content=\"\u51a0\u7fce\u79d1\u6280\u6709\u9650\u516c\u53f8\uff5cChampion Lee\" \/>\n<meta property=\"article:modified_time\" content=\"2021-09-03T09:29:22+00:00\" \/>\n<meta name=\"twitter:card\" content=\"summary_large_image\" \/>\n<meta name=\"twitter:label1\" content=\"Est. reading time\" \/>\n\t<meta name=\"twitter:data1\" content=\"3 minutes\" \/>\n<script type=\"application\/ld+json\" class=\"yoast-schema-graph\">{\"@context\":\"https:\/\/schema.org\",\"@graph\":[{\"@type\":\"WebSite\",\"@id\":\"http:\/\/www.championlee.com\/#website\",\"url\":\"http:\/\/www.championlee.com\/\",\"name\":\"\\u51a0\\u7fce\\u79d1\\u6280\\u6709\\u9650\\u516c\\u53f8\\uff5cChampion Lee\",\"description\":\"\\u51a0\\u7fce\\u79d1\\u6280\\u6709\\u9650\\u516c\\u53f8\\uff5cChampion Lee\",\"potentialAction\":[{\"@type\":\"SearchAction\",\"target\":{\"@type\":\"EntryPoint\",\"urlTemplate\":\"http:\/\/www.championlee.com\/?s={search_term_string}\"},\"query-input\":\"required name=search_term_string\"}],\"inLanguage\":\"vi-VN\"},{\"@type\":\"WebPage\",\"@id\":\"http:\/\/www.championlee.com\/vi\/hardware\/#webpage\",\"url\":\"http:\/\/www.championlee.com\/vi\/hardware\/\",\"name\":\"Ph\\u1ea7n c\\u1ee9ng - \\u51a0\\u7fce\\u79d1\\u6280\\u6709\\u9650\\u516c\\u53f8\\uff5cChampion Lee\",\"isPartOf\":{\"@id\":\"http:\/\/www.championlee.com\/#website\"},\"datePublished\":\"2021-07-07T07:59:14+00:00\",\"dateModified\":\"2021-09-03T09:29:22+00:00\",\"breadcrumb\":{\"@id\":\"http:\/\/www.championlee.com\/vi\/hardware\/#breadcrumb\"},\"inLanguage\":\"vi-VN\",\"potentialAction\":[{\"@type\":\"ReadAction\",\"target\":[\"http:\/\/www.championlee.com\/vi\/hardware\/\"]}]},{\"@type\":\"BreadcrumbList\",\"@id\":\"http:\/\/www.championlee.com\/vi\/hardware\/#breadcrumb\",\"itemListElement\":[{\"@type\":\"ListItem\",\"position\":1,\"name\":\"Home\",\"item\":\"http:\/\/www.championlee.com\/vi\/\"},{\"@type\":\"ListItem\",\"position\":2,\"name\":\"Ph\\u1ea7n c\\u1ee9ng\"}]}]}<\/script>\n<!-- \/ Yoast SEO plugin. -->","_links":{"self":[{"href":"http:\/\/www.championlee.com\/vi\/wp-json\/wp\/v2\/pages\/1983"}],"collection":[{"href":"http:\/\/www.championlee.com\/vi\/wp-json\/wp\/v2\/pages"}],"about":[{"href":"http:\/\/www.championlee.com\/vi\/wp-json\/wp\/v2\/types\/page"}],"author":[{"embeddable":true,"href":"http:\/\/www.championlee.com\/vi\/wp-json\/wp\/v2\/users\/1"}],"replies":[{"embeddable":true,"href":"http:\/\/www.championlee.com\/vi\/wp-json\/wp\/v2\/comments?post=1983"}],"version-history":[{"count":5,"href":"http:\/\/www.championlee.com\/vi\/wp-json\/wp\/v2\/pages\/1983\/revisions"}],"predecessor-version":[{"id":2004,"href":"http:\/\/www.championlee.com\/vi\/wp-json\/wp\/v2\/pages\/1983\/revisions\/2004"}],"wp:attachment":[{"href":"http:\/\/www.championlee.com\/vi\/wp-json\/wp\/v2\/media?parent=1983"}],"curies":[{"name":"wp","href":"https:\/\/api.w.org\/{rel}","templated":true}]}}