{"id":1991,"date":"2021-07-07T08:39:48","date_gmt":"2021-07-07T08:39:48","guid":{"rendered":"http:\/\/www.championlee.com\/rfid\/"},"modified":"2023-02-24T10:31:45","modified_gmt":"2023-02-24T02:31:45","slug":"rfid","status":"publish","type":"page","link":"http:\/\/www.championlee.com\/vi\/rfid\/","title":{"rendered":"Nh\u00e3n RFID"},"content":{"rendered":"<p><div class=\"fusion-fullwidth fullwidth-box fusion-builder-row-1 fusion-flex-container nonhundred-percent-fullwidth non-hundred-percent-height-scrolling\" style=\"background-color: rgba(255,255,255,0);background-position: center center;background-repeat: no-repeat;border-width: 0px 0px 0px 0px;border-color:#eaeaea;border-style:solid;\" ><div class=\"fusion-builder-row fusion-row fusion-flex-align-items-flex-start\" style=\"max-width:1289.6px;margin-left: calc(-4% \/ 2 );margin-right: calc(-4% \/ 2 );\"><div class=\"fusion-layout-column fusion_builder_column fusion-builder-column-0 fusion_builder_column_1_1 1_1 fusion-flex-column\"><div class=\"fusion-column-wrapper fusion-flex-justify-content-flex-start fusion-content-layout-column\" style=\"background-position:left top;background-repeat:no-repeat;-webkit-background-size:cover;-moz-background-size:cover;-o-background-size:cover;background-size:cover;padding: 0px 0px 0px 0px;\"><style type=\"text\/css\">@media only screen and (max-width:1024px) {.fusion-title.fusion-title-1{margin-top:20px!important; margin-right:0px!important;margin-bottom:20px!important;margin-left:0px!important;}}@media only screen and (max-width:640px) {.fusion-title.fusion-title-1{margin-top:0px!important; margin-right:0px!important;margin-bottom:20px!important; margin-left:0px!important;}}<\/style><div class=\"fusion-title title fusion-title-1 fusion-sep-none fusion-title-text fusion-title-size-one\" style=\"font-size:32px;margin-top:20px;margin-right:0px;margin-bottom:20px;margin-left:0px;\"><h1 class=\"title-heading-left fusion-responsive-typography-calculated\" style=\"font-family:Arial, Helvetica, sans-serif;font-weight:400;margin:0;font-size:1em;color:#516e95;--fontSize:32;line-height:1.5;\">Nh\u00e3n RFID<\/h1><\/div><div class=\"fusion-text fusion-text-1\"><p>C\u00e1c s\u1ea3n ph\u1ea9m nh\u00e3n RFID c\u1ee7a Champion Lee gi\u00fap kh\u00e1ch h\u00e0ng qu\u1ea3n l\u00fd v\u00e0 ki\u1ec3m so\u00e1t hi\u1ec7u qu\u1ea3 h\u00e0ng t\u1ed3n kho, \u0111\u1ed3ng th\u1eddi ph\u00e1t tri\u1ec3n chu\u1ed7i cung \u1ee9ng.N\u00e2ng cao tr\u1ea3i nghi\u1ec7m v\u00e0 ni\u1ec1m vui khi mua s\u1eafm c\u1ee7a ng\u01b0\u1eddi ti\u00eau d\u00f9ng. Ch\u00fang t\u00f4i c\u00f3 nhi\u1ec1u ch\u1ebf \u0111\u1ed9 in kh\u00e1c nhau, bao g\u1ed3m c\u00f4ng ngh\u1ec7 In Offset,In Flexo, In chuy\u1ec3n nhi\u1ec7t&#8230;<\/p>\n<\/div><style type=\"text\/css\">@media only screen and (max-width:1024px) {.fusion-title.fusion-title-2{margin-top:20px!important; margin-right:0px!important;margin-bottom:20px!important;margin-left:0px!important;}}@media only screen and (max-width:640px) {.fusion-title.fusion-title-2{margin-top:0px!important; margin-right:0px!important;margin-bottom:20px!important; margin-left:0px!important;}}<\/style><div class=\"fusion-title title fusion-title-2 fusion-sep-none fusion-title-text fusion-title-size-one\" style=\"font-size:32px;margin-top:20px;margin-right:0px;margin-bottom:20px;margin-left:0px;\"><h1 class=\"title-heading-left fusion-responsive-typography-calculated\" style=\"font-family:Arial, Helvetica, sans-serif;font-weight:400;margin:0;font-size:1em;color:#516e95;--fontSize:32;line-height:1.5;\">\u1ee8ng d\u1ee5ng c\u1ee7a nh\u00e3n RFID (\u1ee9ng d\u1ee5ng c\u00f4ng ngh\u1ec7 nh\u1eadn d\u1ea1ng t\u1ea7n s\u1ed1 v\u00f4 tuy\u1ebfn \u0111i\u1ec7n):<\/h1><\/div><div class=\"fusion-text fusion-text-2\"><p>&#8211; Nh\u00e3n RFID th\u00f4ng minh cho c\u00e1c lo\u1ea1i s\u1ea3n ph\u1ea9m kh\u00e1c nhau.<br \/>\n&#8211; Nh\u1eadn d\u1ea1ng h\u00e0nh l\u00fd.<br \/>\n&#8211; Qu\u1ea3n l\u00fd h\u00e0ng t\u1ed3n kho.<br \/>\n&#8211; Ki\u1ec3m so\u00e1t an ninh.<\/p>\n<\/div><\/div><style type=\"text\/css\">.fusion-body .fusion-builder-column-0{width:100% !important;margin-top : 0px;margin-bottom : 20px;}.fusion-builder-column-0 > .fusion-column-wrapper {padding-top : 0px !important;padding-right : 0px !important;margin-right : 1.92%;padding-bottom : 0px !important;padding-left : 0px !important;margin-left : 1.92%;}@media only screen and (max-width:1024px) {.fusion-body .fusion-builder-column-0{width:100% !important;order : 0;}.fusion-builder-column-0 > .fusion-column-wrapper {margin-right : 1.92%;margin-left : 1.92%;}}@media only screen and (max-width:640px) {.fusion-body .fusion-builder-column-0{width:100% !important;order : 0;}.fusion-builder-column-0 > .fusion-column-wrapper {margin-right : 1.92%;margin-left : 1.92%;}}<\/style><\/div><\/div><style type=\"text\/css\">.fusion-body .fusion-flex-container.fusion-builder-row-1{ padding-top : 0px;margin-top : 0px;padding-right : 0px;padding-bottom : 0px;margin-bottom : 48px;padding-left : 0px;}<\/style><\/div><div class=\"fusion-fullwidth fullwidth-box fusion-builder-row-2 fusion-flex-container hundred-percent-fullwidth non-hundred-percent-height-scrolling\" style=\"background-color: rgba(255,255,255,0);background-position: center center;background-repeat: no-repeat;border-width: 0px 0px 0px 0px;border-color:#eaeaea;border-style:solid;\" ><div class=\"fusion-builder-row fusion-row fusion-flex-align-items-flex-start\" style=\"width:104% !important;max-width:104% !important;margin-left: calc(-4% \/ 2 );margin-right: calc(-4% \/ 2 );\"><div class=\"fusion-layout-column fusion_builder_column fusion-builder-column-1 fusion_builder_column_1_1 1_1 fusion-flex-column\"><div class=\"fusion-column-wrapper fusion-flex-justify-content-flex-start fusion-content-layout-column\" style=\"background-position:left top;background-repeat:no-repeat;-webkit-background-size:cover;-moz-background-size:cover;-o-background-size:cover;background-size:cover;padding: 0px 0px 0px 0px;\"><div class=\"fusion-image-carousel fusion-image-carousel-auto\"><div class=\"fusion-carousel\" data-autoplay=\"no\" data-columns=\"5\" data-itemmargin=\"25\" data-itemwidth=\"180\" data-touchscroll=\"no\" data-imagesize=\"auto\"><div class=\"fusion-carousel-positioner\"><ul class=\"fusion-carousel-holder\"><li class=\"fusion-carousel-item\"><div class=\"fusion-carousel-item-wrapper\"><div class=\"fusion-image-wrapper hover-type-none\"><img width=\"2000\" height=\"1317\" src=\"http:\/\/www.championlee.com\/wp-content\/uploads\/2021\/08\/rfid005.jpg\" class=\"attachment-full size-full lazyload\" alt=\"\" srcset=\"data:image\/svg+xml,%3Csvg%20xmlns%3D%27http%3A%2F%2Fwww.w3.org%2F2000%2Fsvg%27%20width%3D%272000%27%20height%3D%271317%27%20viewBox%3D%270%200%202000%201317%27%3E%3Crect%20width%3D%272000%27%20height%3D%271317%27%20fill-opacity%3D%220%22%2F%3E%3C%2Fsvg%3E\" data-orig-src=\"http:\/\/www.championlee.com\/wp-content\/uploads\/2021\/08\/rfid005.jpg\" data-srcset=\"http:\/\/www.championlee.com\/wp-content\/uploads\/2021\/08\/rfid005-200x132.jpg 200w, http:\/\/www.championlee.com\/wp-content\/uploads\/2021\/08\/rfid005-400x263.jpg 400w, http:\/\/www.championlee.com\/wp-content\/uploads\/2021\/08\/rfid005-600x395.jpg 600w, http:\/\/www.championlee.com\/wp-content\/uploads\/2021\/08\/rfid005-800x527.jpg 800w, http:\/\/www.championlee.com\/wp-content\/uploads\/2021\/08\/rfid005-1200x790.jpg 1200w, http:\/\/www.championlee.com\/wp-content\/uploads\/2021\/08\/rfid005.jpg 2000w\" data-sizes=\"auto\" \/><\/div><\/div><\/li><li class=\"fusion-carousel-item\"><div class=\"fusion-carousel-item-wrapper\"><div class=\"fusion-image-wrapper hover-type-none\"><img width=\"954\" height=\"648\" src=\"http:\/\/www.championlee.com\/wp-content\/uploads\/2021\/08\/rfid_item_01-1.jpg\" class=\"attachment-full size-full lazyload\" alt=\"\" srcset=\"data:image\/svg+xml,%3Csvg%20xmlns%3D%27http%3A%2F%2Fwww.w3.org%2F2000%2Fsvg%27%20width%3D%27954%27%20height%3D%27648%27%20viewBox%3D%270%200%20954%20648%27%3E%3Crect%20width%3D%27954%27%20height%3D%27648%27%20fill-opacity%3D%220%22%2F%3E%3C%2Fsvg%3E\" data-orig-src=\"http:\/\/www.championlee.com\/wp-content\/uploads\/2021\/08\/rfid_item_01-1.jpg\" data-srcset=\"http:\/\/www.championlee.com\/wp-content\/uploads\/2021\/08\/rfid_item_01-1-200x136.jpg 200w, http:\/\/www.championlee.com\/wp-content\/uploads\/2021\/08\/rfid_item_01-1-400x272.jpg 400w, http:\/\/www.championlee.com\/wp-content\/uploads\/2021\/08\/rfid_item_01-1-600x408.jpg 600w, http:\/\/www.championlee.com\/wp-content\/uploads\/2021\/08\/rfid_item_01-1-800x543.jpg 800w, http:\/\/www.championlee.com\/wp-content\/uploads\/2021\/08\/rfid_item_01-1.jpg 954w\" data-sizes=\"auto\" \/><\/div><\/div><\/li><li class=\"fusion-carousel-item\"><div class=\"fusion-carousel-item-wrapper\"><div class=\"fusion-image-wrapper hover-type-none\"><img width=\"374\" height=\"417\" src=\"http:\/\/www.championlee.com\/wp-content\/uploads\/2021\/08\/rfid_item_01.jpg\" class=\"attachment-full size-full lazyload\" alt=\"\" srcset=\"data:image\/svg+xml,%3Csvg%20xmlns%3D%27http%3A%2F%2Fwww.w3.org%2F2000%2Fsvg%27%20width%3D%27374%27%20height%3D%27417%27%20viewBox%3D%270%200%20374%20417%27%3E%3Crect%20width%3D%27374%27%20height%3D%27417%27%20fill-opacity%3D%220%22%2F%3E%3C%2Fsvg%3E\" data-orig-src=\"http:\/\/www.championlee.com\/wp-content\/uploads\/2021\/08\/rfid_item_01.jpg\" data-srcset=\"http:\/\/www.championlee.com\/wp-content\/uploads\/2021\/08\/rfid_item_01-200x223.jpg 200w, http:\/\/www.championlee.com\/wp-content\/uploads\/2021\/08\/rfid_item_01.jpg 374w\" data-sizes=\"auto\" \/><\/div><\/div><\/li><li class=\"fusion-carousel-item\"><div class=\"fusion-carousel-item-wrapper\"><div class=\"fusion-image-wrapper hover-type-none\"><img width=\"603\" height=\"494\" src=\"http:\/\/www.championlee.com\/wp-content\/uploads\/2021\/08\/rfid004.jpg\" class=\"attachment-full size-full lazyload\" alt=\"\" srcset=\"data:image\/svg+xml,%3Csvg%20xmlns%3D%27http%3A%2F%2Fwww.w3.org%2F2000%2Fsvg%27%20width%3D%27603%27%20height%3D%27494%27%20viewBox%3D%270%200%20603%20494%27%3E%3Crect%20width%3D%27603%27%20height%3D%27494%27%20fill-opacity%3D%220%22%2F%3E%3C%2Fsvg%3E\" data-orig-src=\"http:\/\/www.championlee.com\/wp-content\/uploads\/2021\/08\/rfid004.jpg\" data-srcset=\"http:\/\/www.championlee.com\/wp-content\/uploads\/2021\/08\/rfid004-200x164.jpg 200w, http:\/\/www.championlee.com\/wp-content\/uploads\/2021\/08\/rfid004-400x328.jpg 400w, http:\/\/www.championlee.com\/wp-content\/uploads\/2021\/08\/rfid004-600x492.jpg 600w, http:\/\/www.championlee.com\/wp-content\/uploads\/2021\/08\/rfid004.jpg 603w\" data-sizes=\"auto\" \/><\/div><\/div><\/li><li class=\"fusion-carousel-item\"><div class=\"fusion-carousel-item-wrapper\"><div class=\"fusion-image-wrapper hover-type-none\"><img width=\"396\" height=\"428\" src=\"http:\/\/www.championlee.com\/wp-content\/uploads\/2021\/07\/rfid-item5.png\" class=\"attachment-full size-full lazyload\" alt=\"\" srcset=\"data:image\/svg+xml,%3Csvg%20xmlns%3D%27http%3A%2F%2Fwww.w3.org%2F2000%2Fsvg%27%20width%3D%27396%27%20height%3D%27428%27%20viewBox%3D%270%200%20396%20428%27%3E%3Crect%20width%3D%27396%27%20height%3D%27428%27%20fill-opacity%3D%220%22%2F%3E%3C%2Fsvg%3E\" data-orig-src=\"http:\/\/www.championlee.com\/wp-content\/uploads\/2021\/07\/rfid-item5.png\" data-srcset=\"http:\/\/www.championlee.com\/wp-content\/uploads\/2021\/07\/rfid-item5-200x216.png 200w, http:\/\/www.championlee.com\/wp-content\/uploads\/2021\/07\/rfid-item5.png 396w\" data-sizes=\"auto\" \/><\/div><\/div><\/li><\/ul><div class=\"fusion-carousel-nav\"><span class=\"fusion-nav-prev\"><\/span><span class=\"fusion-nav-next\"><\/span><\/div><\/div><\/div><\/div><\/div><style type=\"text\/css\">.fusion-body .fusion-builder-column-1{width:100% !important;margin-top : 0px;margin-bottom : 20px;}.fusion-builder-column-1 > .fusion-column-wrapper {padding-top : 0px !important;padding-right : 0px !important;margin-right : 1.92%;padding-bottom : 0px !important;padding-left : 0px !important;margin-left : 1.92%;}@media only screen and (max-width:1024px) {.fusion-body .fusion-builder-column-1{width:100% !important;order : 0;}.fusion-builder-column-1 > .fusion-column-wrapper {margin-right : 1.92%;margin-left : 1.92%;}}@media only screen and (max-width:640px) {.fusion-body .fusion-builder-column-1{width:100% !important;order : 0;}.fusion-builder-column-1 > .fusion-column-wrapper {margin-right : 1.92%;margin-left : 1.92%;}}<\/style><\/div><\/div><style type=\"text\/css\">.fusion-body .fusion-flex-container.fusion-builder-row-2{ padding-top : 0px;margin-top : 0px;padding-right : 0px;padding-bottom : 0px;margin-bottom : 48px;padding-left : 0px;}<\/style><\/div><div class=\"fusion-fullwidth fullwidth-box fusion-builder-row-3 fusion-flex-container hundred-percent-fullwidth non-hundred-percent-height-scrolling\" style=\"background-color: rgba(255,255,255,0);background-position: center center;background-repeat: no-repeat;border-width: 0px 0px 0px 0px;border-color:#eaeaea;border-style:solid;\" ><div class=\"fusion-builder-row fusion-row fusion-flex-align-items-flex-start\" style=\"width:104% !important;max-width:104% !important;margin-left: calc(-4% \/ 2 );margin-right: calc(-4% \/ 2 );\"><div class=\"fusion-layout-column fusion_builder_column fusion-builder-column-2 fusion_builder_column_1_2 1_2 fusion-flex-column fusion-flex-align-self-stretch fusion-column-inner-bg-wrapper\"><div class=\"fusion-column-wrapper fusion-flex-justify-content-center fusion-content-layout-column\" style=\"padding: 0px 20% 0px 20%;\" data-bg-url=\"http:\/\/www.championlee.com\/wp-content\/uploads\/2021\/07\/home-slide3-1-800x450.jpg\"><div class=\"fusion-text fusion-text-3 sm-text-align-center fusion-text-no-margin\" style=\"text-align:right;font-size:24px;color:#ffffff;\"><p><small style=\"font-size: 16px;\">S\u1ea3n ph\u1ea9m kh\u00e1c<\/small><br \/>\nNh\u00e3n &#8211; Nh\u00e3n m\u00e3 v\u1ea1ch, Nh\u00e3n in<\/p>\n<\/div><\/div><span class=\"fusion-column-inner-bg hover-type-none\"><a class=\"fusion-column-anchor\" href=\"\/vi\/labels\"><span class=\"fusion-column-inner-bg-image lazyload\" style=\"background-position:center center;background-repeat:no-repeat;-webkit-background-size:cover;-moz-background-size:cover;-o-background-size:cover;background-size:cover;\" data-bg=\"http:\/\/www.championlee.com\/wp-content\/uploads\/2021\/07\/home-slide3-1-800x450.jpg\"><\/span><\/a><\/span><style type=\"text\/css\">.fusion-body .fusion-builder-column-2{width:50% !important;margin-top : 0px;margin-bottom : 0px;}.fusion-builder-column-2 > .fusion-column-wrapper {padding-top : 0px !important;padding-right : 20% !important;margin-right : 0;padding-bottom : 0px !important;padding-left : 20% !important;margin-left : 0;}.fusion-flex-container .fusion-row .fusion-builder-column-2 > .fusion-column-inner-bg { margin-right:0;margin-left:0; }@media only screen and (max-width:1024px) {.fusion-body .fusion-builder-column-2{width:100% !important;order : 0;}.fusion-builder-column-2 > .fusion-column-wrapper {margin-right : 1.92%;margin-left : 1.92%;}.fusion-flex-container .fusion-row .fusion-builder-column-2 > .fusion-column-inner-bg { margin-right:1.92%;margin-left:1.92%; }}@media only screen and (max-width:640px) {.fusion-body .fusion-builder-column-2{width:100% !important;order : 0;}.fusion-builder-column-2 > .fusion-column-wrapper {margin-right : 1.92%;margin-left : 1.92%;}.fusion-flex-container .fusion-row .fusion-builder-column-2 > .fusion-column-inner-bg { margin-right:1.92%;margin-left:1.92%; }}<\/style><\/div><div class=\"fusion-layout-column fusion_builder_column fusion-builder-column-3 fusion_builder_column_1_2 1_2 fusion-flex-column fusion-flex-align-self-stretch fusion-column-inner-bg-wrapper\"><div class=\"fusion-column-wrapper fusion-flex-justify-content-center fusion-content-layout-column\" style=\"padding: 0px 20% 0px 20%;\" data-bg-url=\"http:\/\/www.championlee.com\/wp-content\/uploads\/2021\/07\/home-slide5-1.jpg\"><div class=\"fusion-text fusion-text-4 sm-text-align-center fusion-text-no-margin\" style=\"text-align:left;font-size:24px;color:#ffffff;\"><p><small style=\"font-size: 16px;\">S\u1ea3n ph\u1ea9m kh\u00e1c<\/small><br \/>\nPh\u1ea7n c\u1ee9ng &#8211; M\u00e1y in nhi\u1ec7t, SATO, DATAMAX, M\u00e1y qu\u00e9t m\u00e3 v\u1ea1ch<\/p>\n<\/div><\/div><span class=\"fusion-column-inner-bg hover-type-none\"><a class=\"fusion-column-anchor\" href=\"\/vi\/hardware\"><span class=\"fusion-column-inner-bg-image lazyload\" style=\"background-position:center center;background-repeat:no-repeat;-webkit-background-size:cover;-moz-background-size:cover;-o-background-size:cover;background-size:cover;\" data-bg=\"http:\/\/www.championlee.com\/wp-content\/uploads\/2021\/07\/home-slide5-1.jpg\"><\/span><\/a><\/span><style type=\"text\/css\">.fusion-body .fusion-builder-column-3{width:50% !important;margin-top : 0px;margin-bottom : 0px;}.fusion-builder-column-3 > .fusion-column-wrapper {padding-top : 0px !important;padding-right : 20% !important;margin-right : 0;padding-bottom : 0px !important;padding-left : 20% !important;margin-left : 0;}.fusion-flex-container .fusion-row .fusion-builder-column-3 > .fusion-column-inner-bg { margin-right:0;margin-left:0; }@media only screen and (max-width:1024px) {.fusion-body .fusion-builder-column-3{width:100% !important;order : 0;}.fusion-builder-column-3 > .fusion-column-wrapper {margin-right : 1.92%;margin-left : 1.92%;}.fusion-flex-container .fusion-row .fusion-builder-column-3 > .fusion-column-inner-bg { margin-right:1.92%;margin-left:1.92%; }}@media only screen and (max-width:640px) {.fusion-body .fusion-builder-column-3{width:100% !important;order : 0;}.fusion-builder-column-3 > .fusion-column-wrapper {margin-right : 1.92%;margin-left : 1.92%;}.fusion-flex-container .fusion-row .fusion-builder-column-3 > .fusion-column-inner-bg { margin-right:1.92%;margin-left:1.92%; }}<\/style><\/div><\/div><style type=\"text\/css\">.fusion-body .fusion-flex-container.fusion-builder-row-3{ padding-top : 0px;margin-top : 0px;padding-right : 0px;padding-bottom : 0px;margin-bottom : 0px;padding-left : 0px;min-height:320px;}<\/style><\/div><\/p>\n","protected":false},"excerpt":{"rendered":"","protected":false},"author":1,"featured_media":0,"parent":0,"menu_order":0,"comment_status":"closed","ping_status":"closed","template":"100-width.php","meta":[],"yoast_head":"<!-- This site is optimized with the Yoast SEO plugin v16.6.1 - https:\/\/yoast.com\/wordpress\/plugins\/seo\/ -->\n<title>Nh\u00e3n RFID - \u51a0\u7fce\u79d1\u6280\u6709\u9650\u516c\u53f8\uff5cChampion Lee<\/title>\n<meta name=\"robots\" content=\"index, follow, max-snippet:-1, max-image-preview:large, max-video-preview:-1\" \/>\n<link rel=\"canonical\" href=\"http:\/\/www.championlee.com\/vi\/rfid\/\" \/>\n<meta property=\"og:locale\" content=\"vi_VN\" \/>\n<meta property=\"og:type\" content=\"article\" \/>\n<meta property=\"og:title\" content=\"Nh\u00e3n RFID - \u51a0\u7fce\u79d1\u6280\u6709\u9650\u516c\u53f8\uff5cChampion Lee\" \/>\n<meta property=\"og:url\" content=\"http:\/\/www.championlee.com\/vi\/rfid\/\" \/>\n<meta property=\"og:site_name\" content=\"\u51a0\u7fce\u79d1\u6280\u6709\u9650\u516c\u53f8\uff5cChampion Lee\" \/>\n<meta property=\"article:modified_time\" content=\"2023-02-24T02:31:45+00:00\" \/>\n<meta name=\"twitter:card\" content=\"summary_large_image\" \/>\n<meta name=\"twitter:label1\" content=\"Est. reading time\" \/>\n\t<meta name=\"twitter:data1\" content=\"5 minutes\" \/>\n<script type=\"application\/ld+json\" class=\"yoast-schema-graph\">{\"@context\":\"https:\/\/schema.org\",\"@graph\":[{\"@type\":\"WebSite\",\"@id\":\"http:\/\/www.championlee.com\/#website\",\"url\":\"http:\/\/www.championlee.com\/\",\"name\":\"\\u51a0\\u7fce\\u79d1\\u6280\\u6709\\u9650\\u516c\\u53f8\\uff5cChampion Lee\",\"description\":\"\\u51a0\\u7fce\\u79d1\\u6280\\u6709\\u9650\\u516c\\u53f8\\uff5cChampion Lee\",\"potentialAction\":[{\"@type\":\"SearchAction\",\"target\":{\"@type\":\"EntryPoint\",\"urlTemplate\":\"http:\/\/www.championlee.com\/?s={search_term_string}\"},\"query-input\":\"required name=search_term_string\"}],\"inLanguage\":\"vi-VN\"},{\"@type\":\"WebPage\",\"@id\":\"http:\/\/www.championlee.com\/vi\/rfid\/#webpage\",\"url\":\"http:\/\/www.championlee.com\/vi\/rfid\/\",\"name\":\"Nh\\u00e3n RFID - \\u51a0\\u7fce\\u79d1\\u6280\\u6709\\u9650\\u516c\\u53f8\\uff5cChampion Lee\",\"isPartOf\":{\"@id\":\"http:\/\/www.championlee.com\/#website\"},\"datePublished\":\"2021-07-07T08:39:48+00:00\",\"dateModified\":\"2023-02-24T02:31:45+00:00\",\"breadcrumb\":{\"@id\":\"http:\/\/www.championlee.com\/vi\/rfid\/#breadcrumb\"},\"inLanguage\":\"vi-VN\",\"potentialAction\":[{\"@type\":\"ReadAction\",\"target\":[\"http:\/\/www.championlee.com\/vi\/rfid\/\"]}]},{\"@type\":\"BreadcrumbList\",\"@id\":\"http:\/\/www.championlee.com\/vi\/rfid\/#breadcrumb\",\"itemListElement\":[{\"@type\":\"ListItem\",\"position\":1,\"name\":\"Home\",\"item\":\"http:\/\/www.championlee.com\/vi\/\"},{\"@type\":\"ListItem\",\"position\":2,\"name\":\"Nh\\u00e3n RFID\"}]}]}<\/script>\n<!-- \/ Yoast SEO plugin. -->","_links":{"self":[{"href":"http:\/\/www.championlee.com\/vi\/wp-json\/wp\/v2\/pages\/1991"}],"collection":[{"href":"http:\/\/www.championlee.com\/vi\/wp-json\/wp\/v2\/pages"}],"about":[{"href":"http:\/\/www.championlee.com\/vi\/wp-json\/wp\/v2\/types\/page"}],"author":[{"embeddable":true,"href":"http:\/\/www.championlee.com\/vi\/wp-json\/wp\/v2\/users\/1"}],"replies":[{"embeddable":true,"href":"http:\/\/www.championlee.com\/vi\/wp-json\/wp\/v2\/comments?post=1991"}],"version-history":[{"count":15,"href":"http:\/\/www.championlee.com\/vi\/wp-json\/wp\/v2\/pages\/1991\/revisions"}],"predecessor-version":[{"id":2321,"href":"http:\/\/www.championlee.com\/vi\/wp-json\/wp\/v2\/pages\/1991\/revisions\/2321"}],"wp:attachment":[{"href":"http:\/\/www.championlee.com\/vi\/wp-json\/wp\/v2\/media?parent=1991"}],"curies":[{"name":"wp","href":"https:\/\/api.w.org\/{rel}","templated":true}]}}