{"id":2006,"date":"2021-07-07T09:17:56","date_gmt":"2021-07-07T09:17:56","guid":{"rendered":"http:\/\/www.championlee.com\/software\/"},"modified":"2021-09-03T17:32:44","modified_gmt":"2021-09-03T09:32:44","slug":"software","status":"publish","type":"page","link":"http:\/\/www.championlee.com\/vi\/software\/","title":{"rendered":"Ph\u1ea7n m\u1ec1m ng\u00e0nh in"},"content":{"rendered":"<p><div class=\"fusion-fullwidth fullwidth-box fusion-builder-row-1 fusion-flex-container hundred-percent-fullwidth non-hundred-percent-height-scrolling\" style=\"background-color: rgba(255,255,255,0);background-position: center center;background-repeat: no-repeat;border-width: 0px 0px 0px 0px;border-color:#eaeaea;border-style:solid;\" ><div class=\"fusion-builder-row fusion-row fusion-flex-align-items-flex-start\" style=\"width:104% !important;max-width:104% !important;margin-left: calc(-4% \/ 2 );margin-right: calc(-4% \/ 2 );\"><div class=\"fusion-layout-column fusion_builder_column fusion-builder-column-0 fusion_builder_column_1_1 1_1 fusion-flex-column\"><div class=\"fusion-column-wrapper fusion-flex-justify-content-flex-start fusion-content-layout-column\" style=\"background-position:left top;background-repeat:no-repeat;-webkit-background-size:cover;-moz-background-size:cover;-o-background-size:cover;background-size:cover;padding: 0px 50px 0px 50px;\"><!-- Markup Starts -->\n<div id=\"pcp_wrapper-1220\" class=\"sp-pcp-section sp-pcp-container pcp-wrapper-1220 pcp-carousel-wrapper standard\" data-sid=\"1220\">\n\t<div id=\"sp-pcp-id-1220\" class=\"swiper-container sp-pcp-carousel top_right\" dir=\"ltr\" data-carousel='{ \"speed\":600, \"items\":4, \"spaceBetween\":20, \"navigation\":true, \"pagination\": true, \"autoplay\": true, \"autoplay_speed\": 2700, \"loop\": true, \"autoHeight\": false, \"lazy\":  true, \"simulateTouch\": false, \"slider_mouse_wheel\": false,\"allowTouchMove\": false, \"slidesPerView\": {\"lg_desktop\": 4, \"desktop\": 4, \"tablet\": 3, \"mobile_landscape\": 2, \"mobile\": 1}, \"navigation_mobile\": true, \"pagination_mobile\": true, \"stop_onHover\": false, \"enabled\": true, \"prevSlideMessage\": \"Previous slide\", \"nextSlideMessage\": \"Next slide\", \"firstSlideMessage\": \"This is the first slide\", \"lastSlideMessage\": \"This is the last slide\", \"paginationBulletMessage\": \"Go to slide {{index}}\" }'>\n\t\t\t<div class=\"swiper-wrapper\">\n\t\t\t\t\t\t<div class=\" swiper-slide swiper-lazy\">\n\t\t\t<div class=\"sp-pcp-post pcp-item-2086\" data-id=\"2086\">\n\t\t\t\t\t\t\t\t<div class=\"pcp-post-thumb-wrapper\">\n\t\t\t\t\t<div class=\"sp-pcp-post-thumb-area\">\n\t\t\t\t\t\t\t\t\t\t\t\t<a class=\"sp-pcp-thumb\" >\n\t\t\t\t\t\t\t\t\t\t\t\t\t<img class=\"lazyload\" src=\"data:image\/svg+xml,%3Csvg%20xmlns%3D%27http%3A%2F%2Fwww.w3.org%2F2000%2Fsvg%27%20width%3D%27278%27%20height%3D%27300%27%20viewBox%3D%270%200%20278%20300%27%3E%3Crect%20width%3D%27278%27%20height%3D%27300%27%20fill-opacity%3D%220%22%2F%3E%3C%2Fsvg%3E\" data-orig-src=\"http:\/\/www.championlee.com\/wp-content\/uploads\/2021\/07\/software-item0-278x300.png\" width=\"278\" height=\"300\" alt=\"\">\n\t\t\t\t\t\t<\/a>\n\t\t\t\t\t<\/div>\n\t\t\t\t<\/div>\n\t\t\t\t\t\t\t<h2 class=\"sp-pcp-title\">\n\t\t\t\t\t\t\t\t\t<a >Nh\u00e3n CP<\/a>\t\t\t\t\t\t\t<\/h2>\n\t\t\t\t\t\t<div class=\"sp-pcp-post-content\">\n\t\t\t<p>Ch\u00fang t\u00f4i c\u0169ng ph\u00e1t tri\u1ec3n c\u00e1c th\u00e0nh ph\u1ea7n t\u00edch h\u1ee3p ph\u1ea7n m\u1ec1m linh ho\u1ea1t v\u00e0 d\u1ec5 s\u1eed d\u1ee5ng \u0111\u1ec3 gi\u00fap kh\u00e1ch h\u00e0ng in m\u00e3 v\u1ea1ch, nh\u00e3n v\u00e0 v\u00e9 cho c\u00e1c \u0111i\u1ec1u ki\u1ec7n \u1ee9ng d\u1ee5ng kh\u00e1c nhau.<\/p>\n\t\t<\/div>\n\t\t\t\t\t\t<\/div>\n\t\t<\/div>\n\t\t\t\t<div class=\" swiper-slide swiper-lazy\">\n\t\t\t<div class=\"sp-pcp-post pcp-item-2089\" data-id=\"2089\">\n\t\t\t\t\t\t\t\t<div class=\"pcp-post-thumb-wrapper\">\n\t\t\t\t\t<div class=\"sp-pcp-post-thumb-area\">\n\t\t\t\t\t\t\t\t\t\t\t\t<a class=\"sp-pcp-thumb\" >\n\t\t\t\t\t\t\t\t\t\t\t\t\t<img class=\"lazyload\" src=\"data:image\/svg+xml,%3Csvg%20xmlns%3D%27http%3A%2F%2Fwww.w3.org%2F2000%2Fsvg%27%20width%3D%27278%27%20height%3D%27300%27%20viewBox%3D%270%200%20278%20300%27%3E%3Crect%20width%3D%27278%27%20height%3D%27300%27%20fill-opacity%3D%220%22%2F%3E%3C%2Fsvg%3E\" data-orig-src=\"http:\/\/www.championlee.com\/wp-content\/uploads\/2021\/07\/software-item1-278x300.png\" width=\"278\" height=\"300\" alt=\"\">\n\t\t\t\t\t\t<\/a>\n\t\t\t\t\t<\/div>\n\t\t\t\t<\/div>\n\t\t\t\t\t\t\t<h2 class=\"sp-pcp-title\">\n\t\t\t\t\t\t\t\t\t<a >NiceLabel<\/a>\t\t\t\t\t\t\t<\/h2>\n\t\t\t\t\t\t<div class=\"sp-pcp-post-content\">\n\t\t\t<p>NiceLabel cho ph\u00e9p b\u1ea1n thi\u1ebft k\u1ebf b\u1ea5t k\u1ef3 nh\u00e3n n\u00e0o trong v\u00f2ng v\u00e0i ph\u00fat, gi\u00fap b\u1ea1n t\u0103ng hi\u1ec7u qu\u1ea3 v\u00e0 gi\u1ea3m chi ph\u00ed in \u1ea5n. Hi\u1ec7u qu\u1ea3 cao c\u1ee7a n\u00f3 th\u1ec3 hi\u1ec7n \u1edf t\u00ednh linh ho\u1ea1t c\u1ee7a c\u00e1c bi\u1ebfn, h\u00e0m v\u00e0 k\u1ebft n\u1ed1i d\u1eef li\u1ec7u. \u0110\u1ed3ng th\u1eddi cho ph\u00e9p b\u1ea1n k\u1ebft n\u1ed1i v\u1edbi c\u01a1 s\u1edf d\u1eef li\u1ec7u kh\u00f4ng gi\u1edbi h\u1ea1n.<\/p>\n\t\t<\/div>\n\t\t\t\t\t\t<\/div>\n\t\t<\/div>\n\t\t\t\t<div class=\" swiper-slide swiper-lazy\">\n\t\t\t<div class=\"sp-pcp-post pcp-item-2092\" data-id=\"2092\">\n\t\t\t\t\t\t\t\t<div class=\"pcp-post-thumb-wrapper\">\n\t\t\t\t\t<div class=\"sp-pcp-post-thumb-area\">\n\t\t\t\t\t\t\t\t\t\t\t\t<a class=\"sp-pcp-thumb\" >\n\t\t\t\t\t\t\t\t\t\t\t\t\t<img class=\"lazyload\" src=\"data:image\/svg+xml,%3Csvg%20xmlns%3D%27http%3A%2F%2Fwww.w3.org%2F2000%2Fsvg%27%20width%3D%27278%27%20height%3D%27300%27%20viewBox%3D%270%200%20278%20300%27%3E%3Crect%20width%3D%27278%27%20height%3D%27300%27%20fill-opacity%3D%220%22%2F%3E%3C%2Fsvg%3E\" data-orig-src=\"http:\/\/www.championlee.com\/wp-content\/uploads\/2021\/07\/software-item2-278x300.png\" width=\"278\" height=\"300\" alt=\"\">\n\t\t\t\t\t\t<\/a>\n\t\t\t\t\t<\/div>\n\t\t\t\t<\/div>\n\t\t\t\t\t\t\t<h2 class=\"sp-pcp-title\">\n\t\t\t\t\t\t\t\t\t<a >CODESOFT<\/a>\t\t\t\t\t\t\t<\/h2>\n\t\t\t\t\t\t<div class=\"sp-pcp-post-content\">\n\t\t\t<p>Ph\u1ea7n m\u1ec1m t\u00edch h\u1ee3p v\u00e0 thi\u1ebft k\u1ebf nh\u00e3n CODESOFT d\u1ec5 s\u1eed d\u1ee5ng mang l\u1ea1i s\u1ef1 linh ho\u1ea1t, m\u1ec1m d\u1ebbo v\u00e0 h\u1ed7 tr\u1ee3 tuy\u1ec7t v\u1eddi, l\u00e0m cho n\u00f3 tr\u1edf th\u00e0nh m\u1ed9t l\u1ef1a ch\u1ecdn t\u1ed1t cho vi\u1ec7c in nh\u00e3n.<\/p>\n\t\t<\/div>\n\t\t\t\t\t\t<\/div>\n\t\t<\/div>\n\t\t\t\t<div class=\" swiper-slide swiper-lazy\">\n\t\t\t<div class=\"sp-pcp-post pcp-item-2095\" data-id=\"2095\">\n\t\t\t\t\t\t\t\t<div class=\"pcp-post-thumb-wrapper\">\n\t\t\t\t\t<div class=\"sp-pcp-post-thumb-area\">\n\t\t\t\t\t\t\t\t\t\t\t\t<a class=\"sp-pcp-thumb\" >\n\t\t\t\t\t\t\t\t\t\t\t\t\t<img class=\"lazyload\" src=\"data:image\/svg+xml,%3Csvg%20xmlns%3D%27http%3A%2F%2Fwww.w3.org%2F2000%2Fsvg%27%20width%3D%27278%27%20height%3D%27300%27%20viewBox%3D%270%200%20278%20300%27%3E%3Crect%20width%3D%27278%27%20height%3D%27300%27%20fill-opacity%3D%220%22%2F%3E%3C%2Fsvg%3E\" data-orig-src=\"http:\/\/www.championlee.com\/wp-content\/uploads\/2021\/07\/software-item3-278x300.png\" width=\"278\" height=\"300\" alt=\"\">\n\t\t\t\t\t\t<\/a>\n\t\t\t\t\t<\/div>\n\t\t\t\t<\/div>\n\t\t\t\t\t\t\t<h2 class=\"sp-pcp-title\">\n\t\t\t\t\t\t\t\t\t<a >BarTender<\/a>\t\t\t\t\t\t\t<\/h2>\n\t\t\t\t\t\t<div class=\"sp-pcp-post-content\">\n\t\t\t<p>Ph\u1ea7n m\u1ec1m BarTender cho ph\u00e9p b\u1ea1n t\u1ea1o m\u00e3 v\u1ea1ch, v\u0103n b\u1ea3n v\u00e0 \u0111\u1ed3 h\u1ecda ch\u1ec9 b\u1eb1ng m\u1ed9t c\u00fa nh\u1ea5p chu\u1ed9t - B\u1edfi v\u00ec b\u1ea1n th\u1ea5y tr\u00ean m\u00e0n h\u00ecnh ch\u00ednh x\u00e1c nh\u1eefng g\u00ec s\u1ebd in ra.<\/p>\n\t\t<\/div>\n\t\t\t\t\t\t<\/div>\n\t\t<\/div>\n\t\t\t\t\t<\/div>\n\t\t\t\t\t\t<div class=\"pcp-pagination swiper-pagination dots\"><\/div>\n\t\t\t\t\t\t\t\t\t\t<div class=\"pcp-button-next swiper-button-next top_right\"><i class=\"fa fa-angle-right\"><\/i><\/div>\n\t\t\t\t<div class=\"pcp-button-prev swiper-button-prev top_right\"><i class=\"fa fa-angle-left\"><\/i><\/div>\t<\/div>\n<\/div>\n<\/div><style type=\"text\/css\">.fusion-body .fusion-builder-column-0{width:100% !important;margin-top : 0px;margin-bottom : 20px;}.fusion-builder-column-0 > .fusion-column-wrapper {padding-top : 0px !important;padding-right : 50px !important;margin-right : 0;padding-bottom : 0px !important;padding-left : 50px !important;margin-left : 0;}@media only screen and (max-width:1024px) {.fusion-body .fusion-builder-column-0{width:100% !important;order : 0;}.fusion-builder-column-0 > .fusion-column-wrapper {margin-right : 1.92%;margin-left : 1.92%;}}@media only screen and (max-width:640px) {.fusion-body .fusion-builder-column-0{width:100% !important;order : 0;}.fusion-builder-column-0 > .fusion-column-wrapper {margin-right : 1.92%;margin-left : 1.92%;}}<\/style><\/div><\/div><style type=\"text\/css\">.fusion-body .fusion-flex-container.fusion-builder-row-1{ padding-top : 0px;margin-top : 0px;padding-right : 0px;padding-bottom : 0px;margin-bottom : 48px;padding-left : 0px;}<\/style><\/div><div class=\"fusion-fullwidth fullwidth-box fusion-builder-row-2 fusion-flex-container hundred-percent-fullwidth non-hundred-percent-height-scrolling\" style=\"background-color: rgba(255,255,255,0);background-position: center center;background-repeat: no-repeat;border-width: 0px 0px 0px 0px;border-color:#eaeaea;border-style:solid;\" ><div class=\"fusion-builder-row fusion-row fusion-flex-align-items-flex-start\" style=\"width:104% !important;max-width:104% !important;margin-left: calc(-4% \/ 2 );margin-right: calc(-4% \/ 2 );\"><div class=\"fusion-layout-column fusion_builder_column fusion-builder-column-1 fusion_builder_column_1_2 1_2 fusion-flex-column fusion-flex-align-self-stretch fusion-column-inner-bg-wrapper\"><div class=\"fusion-column-wrapper fusion-flex-justify-content-center fusion-content-layout-column\" style=\"padding: 5% 20% 5% 20%;\" data-bg-url=\"http:\/\/www.championlee.com\/wp-content\/uploads\/2021\/07\/home-slide6-1-800x450.jpg\"><div class=\"fusion-text fusion-text-1 sm-text-align-center fusion-text-no-margin product-bottom-nav\" style=\"text-align:right;font-size:24px;color:#ffffff;\"><p><small style=\"font-size: 16px;\">S\u1ea3n ph\u1ea9m kh\u00e1c<\/small><\/p>\n<div>V\u1eadt t\u1ef1 s\u1eed d\u1ee5ng &#8211; Ruy b\u0103ng, Nh\u00e3n tr\u1eafng<\/div>\n<\/div><\/div><span class=\"fusion-column-inner-bg hover-type-none\"><a class=\"fusion-column-anchor\" href=\"\/vi\/consumable\"><span class=\"fusion-column-inner-bg-image lazyload\" style=\"background-position:center center;background-repeat:no-repeat;-webkit-background-size:cover;-moz-background-size:cover;-o-background-size:cover;background-size:cover;\" data-bg=\"http:\/\/www.championlee.com\/wp-content\/uploads\/2021\/07\/home-slide6-1-800x450.jpg\"><\/span><\/a><\/span><style type=\"text\/css\">.fusion-body .fusion-builder-column-1{width:50% !important;margin-top : 0px;margin-bottom : 0px;}.fusion-builder-column-1 > .fusion-column-wrapper {padding-top : 5% !important;padding-right : 20% !important;margin-right : 0;padding-bottom : 5% !important;padding-left : 20% !important;margin-left : 0;}.fusion-flex-container .fusion-row .fusion-builder-column-1 > .fusion-column-inner-bg { margin-right:0;margin-left:0; }@media only screen and (max-width:1024px) {.fusion-body .fusion-builder-column-1{width:100% !important;order : 0;}.fusion-builder-column-1 > .fusion-column-wrapper {margin-right : 1.92%;margin-left : 1.92%;}.fusion-flex-container .fusion-row .fusion-builder-column-1 > .fusion-column-inner-bg { margin-right:1.92%;margin-left:1.92%; }}@media only screen and (max-width:640px) {.fusion-body .fusion-builder-column-1{width:100% !important;order : 0;}.fusion-builder-column-1 > .fusion-column-wrapper {margin-right : 1.92%;margin-left : 1.92%;}.fusion-flex-container .fusion-row .fusion-builder-column-1 > .fusion-column-inner-bg { margin-right:1.92%;margin-left:1.92%; }}<\/style><\/div><div class=\"fusion-layout-column fusion_builder_column fusion-builder-column-2 fusion_builder_column_1_2 1_2 fusion-flex-column fusion-flex-align-self-stretch fusion-column-inner-bg-wrapper\"><div class=\"fusion-column-wrapper fusion-flex-justify-content-center fusion-content-layout-column\" style=\"padding: 5% 20% 5% 20%;\" data-bg-url=\"http:\/\/www.championlee.com\/wp-content\/uploads\/2021\/07\/home-slide2-1-800x450.jpg\"><div class=\"fusion-text fusion-text-2 sm-text-align-center fusion-text-no-margin product-bottom-nav\" style=\"text-align:left;font-size:24px;color:#ffffff;\"><p><small style=\"font-size: 16px;\">S\u1ea3n ph\u1ea9m kh\u00e1c<\/small><\/p>\n<div>Nh\u00e3n c\u00e1c lo\u1ea1i &#8211; Th\u1ebb m\u00e3 v\u1ea1ch, Th\u1ebb treo qu\u1ea7n \u00e1o<\/div>\n<\/div><\/div><span class=\"fusion-column-inner-bg hover-type-none\"><a class=\"fusion-column-anchor\" href=\"\/vi\/hangtag\"><span class=\"fusion-column-inner-bg-image lazyload\" style=\"background-position:center center;background-repeat:no-repeat;-webkit-background-size:cover;-moz-background-size:cover;-o-background-size:cover;background-size:cover;\" data-bg=\"http:\/\/www.championlee.com\/wp-content\/uploads\/2021\/07\/home-slide2-1-800x450.jpg\"><\/span><\/a><\/span><style type=\"text\/css\">.fusion-body .fusion-builder-column-2{width:50% !important;margin-top : 0px;margin-bottom : 0px;}.fusion-builder-column-2 > .fusion-column-wrapper {padding-top : 5% !important;padding-right : 20% !important;margin-right : 0;padding-bottom : 5% !important;padding-left : 20% !important;margin-left : 0;}.fusion-flex-container .fusion-row .fusion-builder-column-2 > .fusion-column-inner-bg { margin-right:0;margin-left:0; }@media only screen and (max-width:1024px) {.fusion-body .fusion-builder-column-2{width:100% !important;order : 0;}.fusion-builder-column-2 > .fusion-column-wrapper {margin-right : 1.92%;margin-left : 1.92%;}.fusion-flex-container .fusion-row .fusion-builder-column-2 > .fusion-column-inner-bg { margin-right:1.92%;margin-left:1.92%; }}@media only screen and (max-width:640px) {.fusion-body .fusion-builder-column-2{width:100% !important;order : 0;}.fusion-builder-column-2 > .fusion-column-wrapper {margin-right : 1.92%;margin-left : 1.92%;}.fusion-flex-container .fusion-row .fusion-builder-column-2 > .fusion-column-inner-bg { margin-right:1.92%;margin-left:1.92%; }}<\/style><\/div><\/div><style type=\"text\/css\">.fusion-body .fusion-flex-container.fusion-builder-row-2{ padding-top : 0px;margin-top : 0px;padding-right : 0px;padding-bottom : 0px;margin-bottom : 0px;padding-left : 0px;min-height:320px;}<\/style><\/div><\/p>\n","protected":false},"excerpt":{"rendered":"","protected":false},"author":1,"featured_media":0,"parent":0,"menu_order":0,"comment_status":"closed","ping_status":"closed","template":"100-width.php","meta":[],"yoast_head":"<!-- This site is optimized with the Yoast SEO plugin v16.6.1 - https:\/\/yoast.com\/wordpress\/plugins\/seo\/ -->\n<title>Ph\u1ea7n m\u1ec1m ng\u00e0nh in - \u51a0\u7fce\u79d1\u6280\u6709\u9650\u516c\u53f8\uff5cChampion Lee<\/title>\n<meta name=\"robots\" content=\"index, follow, max-snippet:-1, max-image-preview:large, max-video-preview:-1\" \/>\n<link rel=\"canonical\" href=\"http:\/\/www.championlee.com\/vi\/software\/\" \/>\n<meta property=\"og:locale\" content=\"vi_VN\" \/>\n<meta property=\"og:type\" content=\"article\" \/>\n<meta property=\"og:title\" content=\"Ph\u1ea7n m\u1ec1m ng\u00e0nh in - \u51a0\u7fce\u79d1\u6280\u6709\u9650\u516c\u53f8\uff5cChampion Lee\" \/>\n<meta property=\"og:url\" content=\"http:\/\/www.championlee.com\/vi\/software\/\" \/>\n<meta property=\"og:site_name\" content=\"\u51a0\u7fce\u79d1\u6280\u6709\u9650\u516c\u53f8\uff5cChampion Lee\" \/>\n<meta property=\"article:modified_time\" content=\"2021-09-03T09:32:44+00:00\" \/>\n<meta name=\"twitter:card\" content=\"summary_large_image\" \/>\n<meta name=\"twitter:label1\" content=\"Est. reading time\" \/>\n\t<meta name=\"twitter:data1\" content=\"3 minutes\" \/>\n<script type=\"application\/ld+json\" class=\"yoast-schema-graph\">{\"@context\":\"https:\/\/schema.org\",\"@graph\":[{\"@type\":\"WebSite\",\"@id\":\"http:\/\/www.championlee.com\/#website\",\"url\":\"http:\/\/www.championlee.com\/\",\"name\":\"\\u51a0\\u7fce\\u79d1\\u6280\\u6709\\u9650\\u516c\\u53f8\\uff5cChampion Lee\",\"description\":\"\\u51a0\\u7fce\\u79d1\\u6280\\u6709\\u9650\\u516c\\u53f8\\uff5cChampion Lee\",\"potentialAction\":[{\"@type\":\"SearchAction\",\"target\":{\"@type\":\"EntryPoint\",\"urlTemplate\":\"http:\/\/www.championlee.com\/?s={search_term_string}\"},\"query-input\":\"required name=search_term_string\"}],\"inLanguage\":\"vi-VN\"},{\"@type\":\"WebPage\",\"@id\":\"http:\/\/www.championlee.com\/vi\/software\/#webpage\",\"url\":\"http:\/\/www.championlee.com\/vi\/software\/\",\"name\":\"Ph\\u1ea7n m\\u1ec1m ng\\u00e0nh in - \\u51a0\\u7fce\\u79d1\\u6280\\u6709\\u9650\\u516c\\u53f8\\uff5cChampion Lee\",\"isPartOf\":{\"@id\":\"http:\/\/www.championlee.com\/#website\"},\"datePublished\":\"2021-07-07T09:17:56+00:00\",\"dateModified\":\"2021-09-03T09:32:44+00:00\",\"breadcrumb\":{\"@id\":\"http:\/\/www.championlee.com\/vi\/software\/#breadcrumb\"},\"inLanguage\":\"vi-VN\",\"potentialAction\":[{\"@type\":\"ReadAction\",\"target\":[\"http:\/\/www.championlee.com\/vi\/software\/\"]}]},{\"@type\":\"BreadcrumbList\",\"@id\":\"http:\/\/www.championlee.com\/vi\/software\/#breadcrumb\",\"itemListElement\":[{\"@type\":\"ListItem\",\"position\":1,\"name\":\"Home\",\"item\":\"http:\/\/www.championlee.com\/vi\/\"},{\"@type\":\"ListItem\",\"position\":2,\"name\":\"Ph\\u1ea7n m\\u1ec1m ng\\u00e0nh in\"}]}]}<\/script>\n<!-- \/ Yoast SEO plugin. -->","_links":{"self":[{"href":"http:\/\/www.championlee.com\/vi\/wp-json\/wp\/v2\/pages\/2006"}],"collection":[{"href":"http:\/\/www.championlee.com\/vi\/wp-json\/wp\/v2\/pages"}],"about":[{"href":"http:\/\/www.championlee.com\/vi\/wp-json\/wp\/v2\/types\/page"}],"author":[{"embeddable":true,"href":"http:\/\/www.championlee.com\/vi\/wp-json\/wp\/v2\/users\/1"}],"replies":[{"embeddable":true,"href":"http:\/\/www.championlee.com\/vi\/wp-json\/wp\/v2\/comments?post=2006"}],"version-history":[{"count":11,"href":"http:\/\/www.championlee.com\/vi\/wp-json\/wp\/v2\/pages\/2006\/revisions"}],"predecessor-version":[{"id":2273,"href":"http:\/\/www.championlee.com\/vi\/wp-json\/wp\/v2\/pages\/2006\/revisions\/2273"}],"wp:attachment":[{"href":"http:\/\/www.championlee.com\/vi\/wp-json\/wp\/v2\/media?parent=2006"}],"curies":[{"name":"wp","href":"https:\/\/api.w.org\/{rel}","templated":true}]}}